{"id":10282,"date":"2020-04-24T17:35:31","date_gmt":"2020-04-24T17:35:31","guid":{"rendered":"https:\/\/arquipelagocentrodeartes.azores.gov.pt\/?page_id=10282"},"modified":"2020-08-03T12:01:04","modified_gmt":"2020-08-03T12:01:04","slug":"saidodacaixa","status":"publish","type":"page","link":"https:\/\/arquipelagocentrodeartes.azores.gov.pt\/en\/saidodacaixa\/","title":{"rendered":"Sa\u00eddo da Caixa"},"content":{"rendered":"<p class=\"qtranxs-available-languages-message qtranxs-available-languages-message-en\">  For the sake of viewer convenience, the content is shown below in the alternative language. You may click the link to switch the active language.<\/p><p>Pmds@ Arquip\u00e9lago &#8211; Centro de Artes Contempor\u00e2neas<\/p>\n<p><iframe loading=\"lazy\" title=\"PMDS | Arquip\u00e9lago - Centro de Artes Contempor\u00e2neas\" width=\"500\" height=\"281\" src=\"https:\/\/www.youtube.com\/embed\/gvysZX9vO1k?feature=oembed\" frameborder=\"0\" allow=\"accelerometer; autoplay; clipboard-write; encrypted-media; gyroscope; picture-in-picture; web-share\" referrerpolicy=\"strict-origin-when-cross-origin\" allowfullscreen><\/iframe><\/p>\n<p>\/\/<\/p>\n<p>&nbsp;<\/p>\n<p>Lu\u00eds Severo@ Arquip\u00e9lago &#8211; Centro de Artes Contempor\u00e2neas<\/p>\n<p><iframe loading=\"lazy\" title=\"O Sol Voltou | Lu\u00eds Severo\" width=\"500\" height=\"281\" src=\"https:\/\/www.youtube.com\/embed\/17PKAdPPWFs?feature=oembed\" frameborder=\"0\" allow=\"accelerometer; autoplay; clipboard-write; encrypted-media; gyroscope; picture-in-picture; web-share\" referrerpolicy=\"strict-origin-when-cross-origin\" allowfullscreen><\/iframe><\/p>\n<p>\/\/<\/p>\n<p>&nbsp;<\/p>\n<p>Terra Batida@ Arquip\u00e9lago &#8211; Centro de Artes Contempor\u00e2neas<\/p>\n<p><iframe loading=\"lazy\" title=\"TERRA BATIDA | Arquip\u00e9lago - Centro de Artes Contempor\u00e2neas\" width=\"500\" height=\"281\" src=\"https:\/\/www.youtube.com\/embed\/7pFyisyQ6BY?feature=oembed\" frameborder=\"0\" allow=\"accelerometer; autoplay; clipboard-write; encrypted-media; gyroscope; picture-in-picture; web-share\" referrerpolicy=\"strict-origin-when-cross-origin\" allowfullscreen><\/iframe><\/p>\n<p>\/\/<\/p>\n<p>&nbsp;<\/p>\n<p>Elliot Sheedy@ Arquip\u00e9lago &#8211; Centro de Artes Contempor\u00e2neas<\/p>\n<p><iframe loading=\"lazy\" title=\"Elliot Sheedy | Arquip\u00e9lago - Centro de Artes Contempor\u00e2neas\" width=\"500\" height=\"281\" src=\"https:\/\/www.youtube.com\/embed\/sO6e6zCqjIM?feature=oembed\" frameborder=\"0\" allow=\"accelerometer; autoplay; clipboard-write; encrypted-media; gyroscope; picture-in-picture; web-share\" referrerpolicy=\"strict-origin-when-cross-origin\" allowfullscreen><\/iframe><\/p>\n<p>&nbsp;<\/p>","protected":false},"excerpt":{"rendered":"<p>For the sake of viewer convenience, the content is shown below in the alternative language. You may click the link to switch the active language.Pmds@ Arquip\u00e9lago &#8211; Centro de Artes Contempor\u00e2neas \/\/ &nbsp; Lu\u00eds Severo@ Arquip\u00e9lago &#8211; Centro de Artes Contempor\u00e2neas \/\/ &nbsp; Terra Batida@ Arquip\u00e9lago &#8211; Centro de Artes Contempor\u00e2neas \/\/ &nbsp; Elliot Sheedy@ [&hellip;]<\/p>\n","protected":false},"author":14,"featured_media":0,"parent":0,"menu_order":0,"comment_status":"closed","ping_status":"closed","template":"","meta":{"_acf_changed":false,"_monsterinsights_skip_tracking":false,"_monsterinsights_sitenote_active":false,"_monsterinsights_sitenote_note":"","_monsterinsights_sitenote_category":0,"_uf_show_specific_survey":0,"_uf_disable_surveys":false,"footnotes":""},"class_list":["post-10282","page","type-page","status-publish","hentry"],"acf":[],"_links":{"self":[{"href":"https:\/\/arquipelagocentrodeartes.azores.gov.pt\/en\/wp-json\/wp\/v2\/pages\/10282","targetHints":{"allow":["GET"]}}],"collection":[{"href":"https:\/\/arquipelagocentrodeartes.azores.gov.pt\/en\/wp-json\/wp\/v2\/pages"}],"about":[{"href":"https:\/\/arquipelagocentrodeartes.azores.gov.pt\/en\/wp-json\/wp\/v2\/types\/page"}],"author":[{"embeddable":true,"href":"https:\/\/arquipelagocentrodeartes.azores.gov.pt\/en\/wp-json\/wp\/v2\/users\/14"}],"replies":[{"embeddable":true,"href":"https:\/\/arquipelagocentrodeartes.azores.gov.pt\/en\/wp-json\/wp\/v2\/comments?post=10282"}],"version-history":[{"count":3,"href":"https:\/\/arquipelagocentrodeartes.azores.gov.pt\/en\/wp-json\/wp\/v2\/pages\/10282\/revisions"}],"predecessor-version":[{"id":10526,"href":"https:\/\/arquipelagocentrodeartes.azores.gov.pt\/en\/wp-json\/wp\/v2\/pages\/10282\/revisions\/10526"}],"wp:attachment":[{"href":"https:\/\/arquipelagocentrodeartes.azores.gov.pt\/en\/wp-json\/wp\/v2\/media?parent=10282"}],"curies":[{"name":"wp","href":"https:\/\/api.w.org\/{rel}","templated":true}]}}