{"id":10964,"date":"2021-06-25T17:09:34","date_gmt":"2021-06-25T17:09:34","guid":{"rendered":"https:\/\/arquipelagocentrodeartes.azores.gov.pt\/?page_id=10964"},"modified":"2025-07-03T09:52:25","modified_gmt":"2025-07-03T09:52:25","slug":"relatorio-de-atividades","status":"publish","type":"page","link":"https:\/\/arquipelagocentrodeartes.azores.gov.pt\/en\/arquipelago-2\/centro-de-artes\/relatorio-de-atividades\/","title":{"rendered":"Relat\u00f3rio de Atividades"},"content":{"rendered":"<p class=\"qtranxs-available-languages-message qtranxs-available-languages-message-en\">  For the sake of viewer convenience, the content is shown below in the alternative language. You may click the link to switch the active language.<\/p><p>De acordo com a resolu\u00e7\u00e3o n.\u00ba 100\/2003 de 31 de julho, pretende este relat\u00f3rio apurar e estabelecer, para o Arquip\u00e9lago &#8211; Centro de Artes Contempor\u00e2neas , os objetivos alcan\u00e7ados, o grau de realiza\u00e7\u00e3o das atividades previstas e os recursos utilizados na prossecu\u00e7\u00e3o dos objetivos\/atividades nos anos compreendidos entre 2015 a 2022.<\/p>\n<p><span style=\"text-decoration: underline;\"><a href=\"https:\/\/arquipelagocentrodeartes.azores.gov.pt\/wp-content\/uploads\/2022\/03\/Dossier-ARQUIPELAGO-2020.pdf\">Relat\u00f3rio Arquip\u00e9lago 2015 &#8211; 2020<\/a><\/span><\/p>\n<p><span style=\"text-decoration: underline;\"><a href=\"https:\/\/arquipelagocentrodeartes.azores.gov.pt\/wp-content\/uploads\/2024\/01\/Relatorio-Atividades-ACAC-2021.pdf\">Relat\u00f3rio Arquip\u00e9lago 2021<\/a><\/span><\/p>\n<p><span style=\"text-decoration: underline;\"><a href=\"https:\/\/arquipelagocentrodeartes.azores.gov.pt\/wp-content\/uploads\/2024\/01\/Relatorio-Arquipelago-2022.pdf\">Relat\u00f3rio Arquip\u00e9lago 2022<\/a><\/span><\/p>\n<p><a href=\"https:\/\/arquipelagocentrodeartes.azores.gov.pt\/wp-content\/uploads\/2024\/06\/Relatorio-Atividades-ACAC-2023.pdf\"><span style=\"text-decoration: underline;\">Relat\u00f3rio Arquip\u00e9lago 2023<\/span><\/a><\/p>\n<p><a href=\"https:\/\/arquipelagocentrodeartes.azores.gov.pt\/wp-content\/uploads\/2025\/07\/ACAC_Relatorio-2024.pdf\"><span style=\"text-decoration: underline;\">Relat\u00f3rio Arquip\u00e9lago 2024<\/span><\/a><\/p>\n<p>&nbsp;<\/p>","protected":false},"excerpt":{"rendered":"<p>For the sake of viewer convenience, the content is shown below in the alternative language. You may click the link to switch the active language.De acordo com a resolu\u00e7\u00e3o n.\u00ba 100\/2003 de 31 de julho, pretende este relat\u00f3rio apurar e estabelecer, para o Arquip\u00e9lago &#8211; Centro de Artes Contempor\u00e2neas , os objetivos alcan\u00e7ados, o grau [&hellip;]<\/p>\n","protected":false},"author":14,"featured_media":0,"parent":538,"menu_order":0,"comment_status":"closed","ping_status":"closed","template":"","meta":{"_acf_changed":false,"_monsterinsights_skip_tracking":false,"_monsterinsights_sitenote_active":false,"_monsterinsights_sitenote_note":"","_monsterinsights_sitenote_category":0,"_uf_show_specific_survey":0,"_uf_disable_surveys":false,"footnotes":""},"class_list":["post-10964","page","type-page","status-publish","hentry"],"acf":[],"_links":{"self":[{"href":"https:\/\/arquipelagocentrodeartes.azores.gov.pt\/en\/wp-json\/wp\/v2\/pages\/10964","targetHints":{"allow":["GET"]}}],"collection":[{"href":"https:\/\/arquipelagocentrodeartes.azores.gov.pt\/en\/wp-json\/wp\/v2\/pages"}],"about":[{"href":"https:\/\/arquipelagocentrodeartes.azores.gov.pt\/en\/wp-json\/wp\/v2\/types\/page"}],"author":[{"embeddable":true,"href":"https:\/\/arquipelagocentrodeartes.azores.gov.pt\/en\/wp-json\/wp\/v2\/users\/14"}],"replies":[{"embeddable":true,"href":"https:\/\/arquipelagocentrodeartes.azores.gov.pt\/en\/wp-json\/wp\/v2\/comments?post=10964"}],"version-history":[{"count":27,"href":"https:\/\/arquipelagocentrodeartes.azores.gov.pt\/en\/wp-json\/wp\/v2\/pages\/10964\/revisions"}],"predecessor-version":[{"id":12610,"href":"https:\/\/arquipelagocentrodeartes.azores.gov.pt\/en\/wp-json\/wp\/v2\/pages\/10964\/revisions\/12610"}],"up":[{"embeddable":true,"href":"https:\/\/arquipelagocentrodeartes.azores.gov.pt\/en\/wp-json\/wp\/v2\/pages\/538"}],"wp:attachment":[{"href":"https:\/\/arquipelagocentrodeartes.azores.gov.pt\/en\/wp-json\/wp\/v2\/media?parent=10964"}],"curies":[{"name":"wp","href":"https:\/\/api.w.org\/{rel}","templated":true}]}}