{"id":139,"date":"2015-10-06T09:43:08","date_gmt":"2015-10-06T09:43:08","guid":{"rendered":"https:\/\/arquipelagocentrodeartes.azores.gov.pt\/?page_id=139"},"modified":"2026-02-10T17:43:11","modified_gmt":"2026-02-10T17:43:11","slug":"equipa","status":"publish","type":"page","link":"https:\/\/arquipelagocentrodeartes.azores.gov.pt\/en\/arquipelago-2\/arquipelago\/equipa\/","title":{"rendered":"Team"},"content":{"rendered":"<p>Director | Ricardo Esperan\u00e7o<\/p>\n<p>Administrative Services | Joana Santos, Ricardo Oliveira<\/p>\n<p>Financial Management | Marco Ventura, D\u00e9bora Raposo<\/p>\n<p>Production | Dalila Couto<\/p>\n<p>Communication and Design| B\u00e1rbara \u00c1vila Pacheco, Andreia Oliveira, Mariana Carvalho<\/p>\n<p>Audiovisual and Multimedia | Marco Machado, Luiz Furtado<\/p>\n<p>Museology and Visual Arts | Diogo Aguiar, Jo\u00e3o Machado<\/p>\n<p>Documentation Center and Library | Jo\u00e3o Almeida<\/p>\n<p>Mediation Service | Andreia Oliveira, Beatriz Brum, Sofia Carolina Botelho<\/p>\n<p>Shop\/Bookstore | Sabrina Vieira, Patr\u00edcia Bento<\/p>\n<p>Reception and Museum Guards | Filipe Simas, Jos\u00e9 Paulo dos Santos, Leontina Rodrigues, Nuno Roque, Pedro Batista, Ricardo Ferreira<\/p>\n<p>Building, Equipment and Museography | Raquel Teves, Lu\u00eds Bettencourt Reis<\/p>\n<p>Installation Staff | Diogo Daniel, Jo\u00e3o Marques, Jo\u00e3o Silva<\/p>","protected":false},"excerpt":{"rendered":"<p>Director | Ricardo Esperan\u00e7o Administrative Services | Joana Santos, Ricardo Oliveira Financial Management | Marco Ventura, D\u00e9bora Raposo Production | Dalila Couto Communication and Design| B\u00e1rbara \u00c1vila Pacheco, Andreia Oliveira, Mariana Carvalho Audiovisual and Multimedia | Marco Machado, Luiz Furtado Museology and Visual Arts | Diogo Aguiar, Jo\u00e3o Machado Documentation Center and Library | Jo\u00e3o [&hellip;]<\/p>\n","protected":false},"author":14,"featured_media":0,"parent":131,"menu_order":0,"comment_status":"closed","ping_status":"closed","template":"","meta":{"_acf_changed":false,"_monsterinsights_skip_tracking":false,"_monsterinsights_sitenote_active":false,"_monsterinsights_sitenote_note":"","_monsterinsights_sitenote_category":0,"_uf_show_specific_survey":0,"_uf_disable_surveys":false,"footnotes":""},"class_list":["post-139","page","type-page","status-publish","hentry"],"acf":[],"_links":{"self":[{"href":"https:\/\/arquipelagocentrodeartes.azores.gov.pt\/en\/wp-json\/wp\/v2\/pages\/139","targetHints":{"allow":["GET"]}}],"collection":[{"href":"https:\/\/arquipelagocentrodeartes.azores.gov.pt\/en\/wp-json\/wp\/v2\/pages"}],"about":[{"href":"https:\/\/arquipelagocentrodeartes.azores.gov.pt\/en\/wp-json\/wp\/v2\/types\/page"}],"author":[{"embeddable":true,"href":"https:\/\/arquipelagocentrodeartes.azores.gov.pt\/en\/wp-json\/wp\/v2\/users\/14"}],"replies":[{"embeddable":true,"href":"https:\/\/arquipelagocentrodeartes.azores.gov.pt\/en\/wp-json\/wp\/v2\/comments?post=139"}],"version-history":[{"count":63,"href":"https:\/\/arquipelagocentrodeartes.azores.gov.pt\/en\/wp-json\/wp\/v2\/pages\/139\/revisions"}],"predecessor-version":[{"id":12850,"href":"https:\/\/arquipelagocentrodeartes.azores.gov.pt\/en\/wp-json\/wp\/v2\/pages\/139\/revisions\/12850"}],"up":[{"embeddable":true,"href":"https:\/\/arquipelagocentrodeartes.azores.gov.pt\/en\/wp-json\/wp\/v2\/pages\/131"}],"wp:attachment":[{"href":"https:\/\/arquipelagocentrodeartes.azores.gov.pt\/en\/wp-json\/wp\/v2\/media?parent=139"}],"curies":[{"name":"wp","href":"https:\/\/api.w.org\/{rel}","templated":true}]}}