{"id":167,"date":"2015-10-06T10:04:39","date_gmt":"2015-10-06T10:04:39","guid":{"rendered":"https:\/\/arquipelagocentrodeartes.azores.gov.pt\/?page_id=167"},"modified":"2024-10-26T15:03:34","modified_gmt":"2024-10-26T15:03:34","slug":"open-call","status":"publish","type":"page","link":"https:\/\/arquipelagocentrodeartes.azores.gov.pt\/en\/open-call\/","title":{"rendered":"Open call"},"content":{"rendered":"<p>ONGOING<img loading=\"lazy\" decoding=\"async\" src=\"https:\/\/arquipelagocentrodeartes.azores.gov.pt\/wp-content\/uploads\/2015\/10\/img_part_CORRECTO.jpg\" alt=\"img_part_CORRECTO\" width=\"557\" height=\"301\" \/><\/p>\n<pre style=\"padding-left: 30px;\">- <a href=\"https:\/\/arquipelagocentrodeartes.azores.gov.pt\/wp-content\/uploads\/2015\/10\/Regulamento-Open-Call-La-Regenta-1.pdf\" target=\"_blank\" rel=\"noopener noreferrer\"> REGULAMENTO OPEN CALL RESID\u00caNCIA ART\u00cdSTICA LA REGENTA<\/a><\/pre>\n<p>&nbsp;<\/p>\n<p>&nbsp;<\/p>\n<p>&nbsp;<\/p>\n<p>&nbsp;<\/p>\n<p>COMPLETED<\/p>\n<p><img decoding=\"async\" src=\"https:\/\/arquipelagocentrodeartes.azores.gov.pt\/wp-content\/uploads\/2016\/11\/open_calls_site_V2.jpg\" alt=\"Open calls\" \/><\/p>\n<pre style=\"padding-left: 30px;\">- <a href=\"https:\/\/arquipelagocentrodeartes.azores.gov.pt\/wp-content\/uploads\/2015\/10\/REGULAMENTO-TERRA-INCOGNITA-1.pdf\" target=\"_blank\" rel=\"noopener noreferrer\">REGULAMENTO TERRA INCOGNITA<\/a><\/pre>\n<pre style=\"padding-left: 30px;\">- <a href=\"https:\/\/arquipelagocentrodeartes.azores.gov.pt\/wp-content\/uploads\/2015\/10\/REGULAMENTO-MARCA-ARQUIPELAGO-2.pdf\" target=\"_blank\" rel=\"noopener noreferrer\">REGULAMENTO MARCA ARQUIPELAGO<\/a><\/pre>\n<pre style=\"padding-left: 30px;\">- <a href=\"https:\/\/arquipelagocentrodeartes.azores.gov.pt\/wp-content\/uploads\/2016\/11\/Salutem.pdf\" target=\"_blank\" rel=\"noopener noreferrer\">REGULAMENTO SALUTEM: \u00c0 TUA SA\u00daDE<\/a><\/pre>\n<pre style=\"padding-left: 30px;\">- <a href=\"https:\/\/arquipelagocentrodeartes.azores.gov.pt\/wp-content\/uploads\/2016\/11\/Informacao-do-HDES.pdf\" target=\"_blank\" rel=\"noopener noreferrer\">Apresenta\u00e7\u00e3o HDES<\/a><\/pre>\n<p><\/p>","protected":false},"excerpt":{"rendered":"<p>ONGOING &#8211; REGULAMENTO OPEN CALL RESID\u00caNCIA ART\u00cdSTICA LA REGENTA &nbsp; &nbsp; &nbsp; &nbsp; COMPLETED &#8211; REGULAMENTO TERRA INCOGNITA &#8211; REGULAMENTO MARCA ARQUIPELAGO &#8211; REGULAMENTO SALUTEM: \u00c0 TUA SA\u00daDE &#8211; Apresenta\u00e7\u00e3o HDES<\/p>\n","protected":false},"author":14,"featured_media":0,"parent":0,"menu_order":0,"comment_status":"closed","ping_status":"closed","template":"page-subitems.php","meta":{"_acf_changed":false,"_monsterinsights_skip_tracking":false,"_monsterinsights_sitenote_active":false,"_monsterinsights_sitenote_note":"","_monsterinsights_sitenote_category":0,"_uf_show_specific_survey":0,"_uf_disable_surveys":false,"footnotes":""},"class_list":["post-167","page","type-page","status-publish","hentry"],"acf":[],"_links":{"self":[{"href":"https:\/\/arquipelagocentrodeartes.azores.gov.pt\/en\/wp-json\/wp\/v2\/pages\/167","targetHints":{"allow":["GET"]}}],"collection":[{"href":"https:\/\/arquipelagocentrodeartes.azores.gov.pt\/en\/wp-json\/wp\/v2\/pages"}],"about":[{"href":"https:\/\/arquipelagocentrodeartes.azores.gov.pt\/en\/wp-json\/wp\/v2\/types\/page"}],"author":[{"embeddable":true,"href":"https:\/\/arquipelagocentrodeartes.azores.gov.pt\/en\/wp-json\/wp\/v2\/users\/14"}],"replies":[{"embeddable":true,"href":"https:\/\/arquipelagocentrodeartes.azores.gov.pt\/en\/wp-json\/wp\/v2\/comments?post=167"}],"version-history":[{"count":64,"href":"https:\/\/arquipelagocentrodeartes.azores.gov.pt\/en\/wp-json\/wp\/v2\/pages\/167\/revisions"}],"predecessor-version":[{"id":12238,"href":"https:\/\/arquipelagocentrodeartes.azores.gov.pt\/en\/wp-json\/wp\/v2\/pages\/167\/revisions\/12238"}],"wp:attachment":[{"href":"https:\/\/arquipelagocentrodeartes.azores.gov.pt\/en\/wp-json\/wp\/v2\/media?parent=167"}],"curies":[{"name":"wp","href":"https:\/\/api.w.org\/{rel}","templated":true}]}}