{"id":545,"date":"2015-10-15T09:56:09","date_gmt":"2015-10-15T09:56:09","guid":{"rendered":"https:\/\/arquipelagocentrodeartes.azores.gov.pt\/?page_id=545"},"modified":"2022-01-06T11:02:32","modified_gmt":"2022-01-06T11:02:32","slug":"memoria","status":"publish","type":"page","link":"https:\/\/arquipelagocentrodeartes.azores.gov.pt\/en\/arquipelago-2\/centro-de-artes\/memoria\/","title":{"rendered":"Memory"},"content":{"rendered":"<p><\/p>\n<p style=\"text-align: justify;\">On 29 March, some of the main regional and national media outlets marked the birth of the<em> culture factory<\/em> that once was an<em> alcohol factory<\/em>. In a predictably promising future, turned to creation and art creators, the Arquip\u00e9lago \u2013 Contemporary Art Center emerges with an irrefutable mission: observe, stimulate, disseminate and produce through transdisciplinary action in the fields of visual, audiovisual\/multimedia and performing arts.<\/p>\n<p style=\"text-align: justify;\">In its productive\/creative mission, which today is a mission of knowledge, culture and critical mass, we regard the building as a functional continuity that runs through history and that was determined and placed at the service of the human structures headquartered there.<\/p>\n<p style=\"text-align: justify;\">The timeline of this building\u2019s history\/memory and of the structures that preceded the Arquip\u00e9lago &#8211; CAC is very recent; it is only 122 years old. The newspaper <em>A Persuas\u00e3o<\/em> from 8 February 1893 announced the project to build three alcohol factories on the island of S\u00e3o Miguel, two in Vila Franca and one in Ribeira Grande. It focused on the latter one as its planning was further advanced; the construction site had already been chosen; the Town Hall of Ribeira Grande had granted it the right to use water from the Teixeira Stream for manufacturing, and in this context, a narrow-gauge railway linking that town to Ponta Delgada was even being considered<sup>2<\/sup>. For the author of that news article, this seemed to be <em>too many factories<\/em>, but for the author of an article published on 21 April 1893 in the news section of <em>Estrela Oriental<\/em>, what should have been highlighted was the importance of this initiative to life and to the awakening the so-called <em>lethargy<\/em> of Ribeira Grande<sup>3<\/sup>.<\/p>\n<p style=\"text-align: justify;\">In fact, it was only on March 29, 1893, and not in February, that the use of water from the Teixeira Stream was formally decided, as stated in the minutes of a special session of the Town Hall. The aforementioned minutes record the discussion and approval of the terms of use by the factory, with restrictions in irrigation months and with channelling costs being incurred by applicants. The aforementioned document also stresses the importance of this construction for the so-called <em>improvement<\/em> of the municipality, as well as for the valuation of land in the <em>cape of the town<\/em><sup>4<\/sup>. In short, without exhausting the list, the opening of this industrial unit would bring obvious advantages to the municipality of Ribeira Grande, which justified its great openness to the initiative.<\/p>\n<p style=\"text-align: justify;\">As for the doubts expressed in the article from <em>A Persuas\u00e3o<\/em> about the simultaneous construction of three distillation plants (two would never be built), they deserve special attention because they further particularize and emphasize the context of the origin of the Ribeira Grande Distillation Factory.<\/p>\n<p style=\"text-align: justify;\">In early 1893, with antecedents in previous years and continuing in 1894, the recurring theme of newspapers of S\u00e3o Miguel (and other islands) was the so-called <em>alcohol issue<\/em>. The emerging problem stemmed from the implementation of a monopoly system and particularly from the increase of taxes applied to the Azorean industry. The whole situation led to several reactions, with various representations and protest committees. During the Sunday rally held in Ponta Delgada on 2 July 1893, the voices of Montalverne de Sequeira, Pereira de Ata\u00edde and Manuel da C\u00e2mara rose up against the infamous tax of 100 reis per litre of alcohol. According to the speakers, this tax could not exceed 50 reis per litre under any circumstance if one did not want to <em>destroy the agricultural and industrial work of the Azores<\/em><sup>5<\/sup>. Generally speaking, these measures of the central government would seriously impact the economy of the islands (or of the main islands S\u00e3o Miguel and Terceira<sup>6<\/sup>) by hitting one of their crucial productive pillars, alongside with the production of sweet potato, an essential (but not exclusive) raw material.<br \/>\nEqually connected to the <em>alcohol issue<\/em>, but not limited to the years 1893, 1894 and 1895, the Azores witness a significant number of rallies, demonstrations, explanations and propaganda events<sup>7<\/sup>. The islands were living through the full agitation of the so-called 1st autonomist movement, which would come to a formal end with the famous decree dated 2 March 1895 and the recognition of the administrative autonomy of the archipelago. This was then the context in which the Ribeira Grande Distillation Factory was born, a context that was, in principle, adverse from an economic point of view but promising in social and political terms.<\/p>\n<p style=\"text-align: justify;\">Little is still known about the construction and production at the factory. Nevertheless, two distinct moments of the initial investment are already clear. The first one dates from 1893 and includes the establishment of the first company, period for which there are news articles and announcements about the license issued by the Civil Government on 11 August<sup>8<\/sup>, the reception of proposals for the supply of building materials on 7 July and 27 October of the same year<sup>9<\/sup>, the subscription of funds\/investors in August and September<sup>10<\/sup>, the shareholders\u2019 meeting that approved the articles of incorporation on 1 October<sup>11<\/sup>, and the acquisition of equipment for outfitting the factory<sup>12<\/sup>.<\/p>\n<p style=\"text-align: justify;\">As for the second moment, it started right at the beginning of 1894. In January, the dissolution of the previous company was made public<sup>13<\/sup>, an event that was also echoed in the minutes of the Ribeira Grande Town Council meeting held on 18 January<sup>14<\/sup>. About a month later, a new company was established with the same purpose<sup>15<\/sup>, although the deed of incorporation was only signed on 21 March<sup>16<\/sup>. The town council issued a new license for the use of water from the Teixeira Stream on 8 March<sup>17<\/sup>, and new managers were appointed to the factory on 11 April. Among them, we can highlight the chairman of the general meeting Teot\u00f3nio de Ornelas Bruges, the chairman of the board Marquis of Praia e Monforte, the managing director Francisco Augusto Serpa, and the engineering and architectural consultants Jo\u00e3o C\u00e2ndido de Morais and Jo\u00e3o Silvestre de Almeida<sup>18<\/sup>.<\/p>\n<p style=\"text-align: justify;\">With this new momentum, construction of the factory finally began and, in the week of 9 to 15 April 1894, they broke ground<sup>19<\/sup> with construction work starting on 16 April<sup>20<\/sup>. In October, there was news on the progress made and on the arrival of equipment (machinery) and coal for manufacturing; in November, the <em>installation of machinery<\/em> was finished and the expedite building process of the factory was praised<sup>21<\/sup>; on 3 June 1897, the expansion of the factory was already announced<sup>22<\/sup>.<\/p>\n<p style=\"text-align: justify;\">As for the start of operations, it was initially announced for late 1893 \/ early 1894<sup>23<\/sup> and later postponed to December 1894 or January 1895<sup>24<\/sup>. The first campaign was definitely announced for 2 November 1895<sup>25<\/sup>, a campaign that, in terms of sweet potatoes, would end in mid-January and continue later on using corn<sup>26<\/sup>. On 29 January 1896, the 1st <em>export<\/em> of alcohol produced at the Ribeira Grande plant made the news<sup>27<\/sup>. As for the shutdown of the factory, so far we have established that it took place after the creation of the Union of Azorean Alcohol Factories (UFAA) on 15 December 1902 on a date that is yet to be determined. Following the 1901 Decree, which reduced the limits to alcohol production in the Azores, two industrial units were shut down in S\u00e3o Miguel and many others in Terceira. One of these units was the Ribeira Grande Distillation Factory.<\/p>\n<p style=\"text-align: justify;\">From then on, the history\/memory of the building and of its functionality over time still needs more research and study. The <em>Azores Built Heritage Inventory<\/em><sup>28<\/sup>, in the descriptive notes of the building, mentions that the facilities of the old distillation plant were used as a tobacco dryer and military barracks. In the short time we had, we were not able to collect information about the latter function.<\/p>\n<p style=\"text-align: justify;\">Nevertheless, based on relevant information and copies of property registration booklets made available by the Micaelense Tobacco Factory, it was possible to compile some facts from 1930. In that year, on 7 February, the then called Destila\u00e7\u00e3o Ribeira-Grandense SARL [Ribeira Grande Distillation Factory Ltd.] sold to the Sociedade Ribeira-Grandense the plot of land where <em>a building with 11 sections designed for the distillation of alcohol<\/em> was located, with the function of that facility from then on being unknown. The aforementioned Sociedade Ribeira-Grandense would sell the same building to the Micaelense Tobacco Factory on 20 October 1969. During the time it was owned by the latter company \u2013 as local people still recall, the complex was used for drying and storing tobacco. On 11 February 1999, the Micaelense Tobacco Factory sold the same building to the company Evaristo Lima Co. Ltd. It is this company that would eventually sell the building to the Autonomous Region of the Azores on 29 November 2006.<\/p>\n<p style=\"text-align: justify;\">This brief timeline and review of facts demonstrates that much more can still be done to study the memory of the physical and functional structure that now houses the Arquip\u00e9lago \u2013 Contemporary Art Center. With the circumstances and particular facts of its appearance clarified and with the key roles it played over time briefly listed, this stands as a testament to the human will to create, reinvent and readjust, abilities that we can associate to the physical structure that today houses the Arquip\u00e9lago-CAC. Finding every time the respective place in the community, it is today a structure that features an even more archipelagic and definitely Atlantic and universal dimension through the singular form of communication that art is.<\/p>\n<p style=\"text-align: justify;\">Text: <strong>Rute Dias Greg\u00f3rio<\/strong><sup>1<\/sup>|DRC|Director of the Ponta Delgada Public Library and Regional Archive<\/p>\n<p style=\"text-align: justify;\">*This text was published in <a href=\"http:\/\/www.culturacores.azores.gov.pt\/revistadecultura\/\" target=\"_blank\" rel=\"noopener noreferrer\"><em>CulturA\u00e7ores \u2013 Revista de Cultura<\/em><\/a><\/p>\n<p><strong>Notes<\/strong><br \/>\n<sup>1<\/sup> The collection of information for this work would not have been possible without the collaboration of the Ponta Delgada Public Library and Regional Archive, of the Ribeira Grande Municipal Archives, of the Micaelense Tobacco Factory, and of the property section of the Regional Directorate for Budgetary and Treasury Affairs<br \/>\n<sup>2<\/sup> <em>A Persuas\u00e3o<\/em>, No. 14, 7 April 1893.<br \/>\n<sup>3<\/sup> <em>Estrela Oriental<\/em>, No. 16, 21 April 1893.<br \/>\n<sup>4<\/sup> Ribeira Grande Municipal Archives: Town Hall Fund, <em>Minute Book<\/em>, Minutes No. 10, 29 March 1893.<br \/>\n<sup>5<\/sup> <em>A Estrela Oriental<\/em>, No. 14, 7 April 1893.<br \/>\n<sup>6<\/sup> On the importance of this industry, cf. Maria Isabel Jo\u00e3o, \u201cInd\u00fastria e industrializa\u00e7\u00e3o\u201d. In <em>Enciclop\u00e9dia A\u00e7oriana<\/em>. Available online: http:\/\/www.culturaacores.axores.gov.pt\/ea\/perquisa\/Default.aspx?id=7686.<br \/>\n<sup>7<\/sup> Which also include the advent of the newspaper <em>A Autonomia dos A\u00e7ores<\/em>, first published on Sunday, 5 March 1893. Cf. J. G. Reis Leite, \u201cAutonomia dos A\u00e7ores (A)\u201d. In <em>Enciclop\u00e9dia A\u00e7oriana<\/em>. Available online: http:\/\/www.culturacores.azores.gov.pt\/ea\/pesquisa\/Default.aspx?id=4953<br \/>\n<sup>8<\/sup> Ponta Delgada Public Library and Regional Archive: Ponta Delgada Civil Government, ct. 353, fl. 12-13.<br \/>\n<sup>9<\/sup> <em>A Estrela Oriental<\/em>, No. 27, 7 July 1893; No. 43, 27 October 1893.<br \/>\n<sup>10<\/sup> <em>A Estrela Oriental<\/em>, No. 31, 25 August 1893; No. 36, 8 September 1893; <em>A Persuas\u00e3o<\/em>, No.1649, 23 August 1893.<br \/>\n<sup>11<\/sup> <em>A Persuas\u00e3o<\/em>, No.1665, 4 October 1893.<br \/>\n<sup>12<\/sup> <em>A Persuas\u00e3o<\/em>, No.1662, 23 November 1893.<br \/>\n<sup>13<\/sup> <em>A Persuas\u00e3o<\/em>, No.1670, 17 January 1894.<br \/>\n<sup>14<\/sup> AMRG: FCM,<em> Livro de Atas<\/em>, Minutes No. 3, 18 January 1894.<br \/>\n<sup>15<\/sup> <em>A Persuas\u00e3o<\/em>, No.1675, 21.02.1894.<br \/>\n<sup>16<\/sup> <em>A Persuas\u00e3o<\/em>, No.1713, 14 November 1894.<br \/>\n<sup>17<\/sup> AMRG: FCM, <em>Livro de Atas<\/em>, Minutes No. 8, 8 March 1894.<br \/>\n<sup>18<\/sup> <em>A Persuas\u00e3o<\/em>, No.1682, 11 April 1894.<br \/>\n<sup>19<\/sup> <em>A Persuas\u00e3o<\/em>, No.1683, 18 April 189.<br \/>\n<sup>20<\/sup> <em>A Persuas\u00e3o<\/em>, No.1713, 14 November 1894.<br \/>\n<sup>21<\/sup> <em>A Persuas\u00e3o<\/em>, No. 1708, 10 October 1894; No. 1713, 14 November 1894.<br \/>\n<sup>22<\/sup> <em>A Persuas\u00e3o<\/em>, No.1849, 23 June 1897.<br \/>\n<sup>23<\/sup> <em>A Persuas\u00e3o<\/em>, No.1662, 23 November 1893.<br \/>\n<sup>24<\/sup> <em>A Persuas\u00e3o<\/em>, No.1711, 31 October 1894.<br \/>\n<sup>25<\/sup> <em>A Persuas\u00e3o<\/em>, No.1761, 16 October 1895.<br \/>\n<sup>26<\/sup> <em>A Persuas\u00e3o<\/em>, No.1773, 8 January 1896; No. 1784, 25 March 1896.<br \/>\n<sup>27<\/sup> <em>A Persuas\u00e3o<\/em>, No.1776, 29 January 1896.<br \/>\n<sup>28<\/sup> <em>Ribeira Grande: S\u00e3o Miguel: Invent\u00e1rio do Patrim\u00f3nio Im\u00f3vel dos A\u00e7ores<\/em>, [S.L], Dire\u00e7\u00e3o Regional da Cultura, IAC \u2013 Instituto A\u00e7oriano de Cultura e C\u00e2mara Municipal da Ribeira Grande, 2007, p. 155.<\/p>","protected":false},"excerpt":{"rendered":"<p>On 29 March, some of the main regional and national media outlets marked the birth of the culture factory that once was an alcohol factory. In a predictably promising future, turned to creation and art creators, the Arquip\u00e9lago \u2013 Contemporary Art Center emerges with an irrefutable mission: observe, stimulate, disseminate and produce through transdisciplinary action [&hellip;]<\/p>\n","protected":false},"author":14,"featured_media":0,"parent":538,"menu_order":0,"comment_status":"closed","ping_status":"closed","template":"","meta":{"_acf_changed":false,"_monsterinsights_skip_tracking":false,"_monsterinsights_sitenote_active":false,"_monsterinsights_sitenote_note":"","_monsterinsights_sitenote_category":0,"_uf_show_specific_survey":0,"_uf_disable_surveys":false,"footnotes":""},"class_list":["post-545","page","type-page","status-publish","hentry"],"acf":[],"_links":{"self":[{"href":"https:\/\/arquipelagocentrodeartes.azores.gov.pt\/en\/wp-json\/wp\/v2\/pages\/545","targetHints":{"allow":["GET"]}}],"collection":[{"href":"https:\/\/arquipelagocentrodeartes.azores.gov.pt\/en\/wp-json\/wp\/v2\/pages"}],"about":[{"href":"https:\/\/arquipelagocentrodeartes.azores.gov.pt\/en\/wp-json\/wp\/v2\/types\/page"}],"author":[{"embeddable":true,"href":"https:\/\/arquipelagocentrodeartes.azores.gov.pt\/en\/wp-json\/wp\/v2\/users\/14"}],"replies":[{"embeddable":true,"href":"https:\/\/arquipelagocentrodeartes.azores.gov.pt\/en\/wp-json\/wp\/v2\/comments?post=545"}],"version-history":[{"count":19,"href":"https:\/\/arquipelagocentrodeartes.azores.gov.pt\/en\/wp-json\/wp\/v2\/pages\/545\/revisions"}],"predecessor-version":[{"id":11158,"href":"https:\/\/arquipelagocentrodeartes.azores.gov.pt\/en\/wp-json\/wp\/v2\/pages\/545\/revisions\/11158"}],"up":[{"embeddable":true,"href":"https:\/\/arquipelagocentrodeartes.azores.gov.pt\/en\/wp-json\/wp\/v2\/pages\/538"}],"wp:attachment":[{"href":"https:\/\/arquipelagocentrodeartes.azores.gov.pt\/en\/wp-json\/wp\/v2\/media?parent=545"}],"curies":[{"name":"wp","href":"https:\/\/api.w.org\/{rel}","templated":true}]}}