{"id":10263,"date":"2020-04-10T12:37:22","date_gmt":"2020-04-10T12:37:22","guid":{"rendered":"https:\/\/arquipelagocentrodeartes.azores.gov.pt\/?page_id=10263"},"modified":"2020-08-04T15:04:39","modified_gmt":"2020-08-04T15:04:39","slug":"conversasartistas","status":"publish","type":"page","link":"https:\/\/arquipelagocentrodeartes.azores.gov.pt\/pt\/conversasartistas\/","title":{"rendered":"Desvendar: conversas com artistas"},"content":{"rendered":"<p>\u201cDESVENDAR: uma mostra da Cole\u00e7\u00e3o ARQUIP\u00c9LAGO\u201d re\u00fane uma nova sele\u00e7\u00e3o de 20 obras de 13 artistas que pela primeira vez se desvendam ao p\u00fablico.<\/p>\n<p>\u201cDESVENDAR: conversas com artistas\u201d \u00e9 uma auto reflex\u00e3o dos pr\u00f3prios autores sobre a sua obra.<\/p>\n<p>\/\/<\/p>\n<p>&nbsp;<\/p>\n<p>Maria Jos\u00e9 Cavaco | <em>Summer Daydreaming<\/em>, (2016)<\/p>\n<p><iframe loading=\"lazy\" title=\"Desvendar | Maria Jos\u00e9 Cavaco - Summer Daydreaming (2016)\" width=\"500\" height=\"281\" src=\"https:\/\/www.youtube.com\/embed\/-GEGfjdahxo?feature=oembed\" frameborder=\"0\" allow=\"accelerometer; autoplay; clipboard-write; encrypted-media; gyroscope; picture-in-picture; web-share\" referrerpolicy=\"strict-origin-when-cross-origin\" allowfullscreen><\/iframe><\/p>\n<p><strong>\/\/<\/strong><\/p>\n<p>&nbsp;<\/p>\n<p>Rui Melo |<em> FAQ n\u00ba1, FAQ n\u00ba2<\/em>, (2009)<\/p>\n<p><iframe loading=\"lazy\" title=\"Desvendar | Rui Melo - FAQ n\u00ba1, FAQ n\u00ba2 (2009)\" width=\"500\" height=\"281\" src=\"https:\/\/www.youtube.com\/embed\/mgeIx6c0HG0?feature=oembed\" frameborder=\"0\" allow=\"accelerometer; autoplay; clipboard-write; encrypted-media; gyroscope; picture-in-picture; web-share\" referrerpolicy=\"strict-origin-when-cross-origin\" allowfullscreen><\/iframe><\/p>\n<p>\/\/<\/p>\n<p>&nbsp;<\/p>\n<p>Andr\u00e9 Laranjinha | <em>Sem T\u00edtulo<\/em>, (2007)<\/p>\n<p><iframe loading=\"lazy\" title=\"Desvendar | Andr\u00e9 Laranjinha - Sem T\u00edtulo (2007)\" width=\"500\" height=\"281\" src=\"https:\/\/www.youtube.com\/embed\/XK_6iCx65k8?feature=oembed\" frameborder=\"0\" allow=\"accelerometer; autoplay; clipboard-write; encrypted-media; gyroscope; picture-in-picture; web-share\" referrerpolicy=\"strict-origin-when-cross-origin\" allowfullscreen><\/iframe><\/p>\n<p>\/\/<\/p>\n<p>&nbsp;<\/p>\n<p>Joe Lima | <em>The Visitation<\/em>, (2010)<\/p>\n<p><iframe loading=\"lazy\" title=\"Desvendar | Joe Lima - The Visitation (2010)\" width=\"500\" height=\"281\" src=\"https:\/\/www.youtube.com\/embed\/vrPU09vXi38?feature=oembed\" frameborder=\"0\" allow=\"accelerometer; autoplay; clipboard-write; encrypted-media; gyroscope; picture-in-picture; web-share\" referrerpolicy=\"strict-origin-when-cross-origin\" allowfullscreen><\/iframe><\/p>","protected":false},"excerpt":{"rendered":"<p>\u201cDESVENDAR: uma mostra da Cole\u00e7\u00e3o ARQUIP\u00c9LAGO\u201d re\u00fane uma nova sele\u00e7\u00e3o de 20 obras de 13 artistas que pela primeira vez se desvendam ao p\u00fablico. \u201cDESVENDAR: conversas com artistas\u201d \u00e9 uma auto reflex\u00e3o dos pr\u00f3prios autores sobre a sua obra. \/\/ &nbsp; Maria Jos\u00e9 Cavaco | Summer Daydreaming, (2016) \/\/ &nbsp; Rui Melo | FAQ n\u00ba1, [&hellip;]<\/p>\n","protected":false},"author":14,"featured_media":0,"parent":0,"menu_order":0,"comment_status":"closed","ping_status":"closed","template":"","meta":{"_acf_changed":false,"_monsterinsights_skip_tracking":false,"_monsterinsights_sitenote_active":false,"_monsterinsights_sitenote_note":"","_monsterinsights_sitenote_category":0,"_uf_show_specific_survey":0,"_uf_disable_surveys":false,"footnotes":""},"class_list":["post-10263","page","type-page","status-publish","hentry"],"acf":[],"_links":{"self":[{"href":"https:\/\/arquipelagocentrodeartes.azores.gov.pt\/pt\/wp-json\/wp\/v2\/pages\/10263","targetHints":{"allow":["GET"]}}],"collection":[{"href":"https:\/\/arquipelagocentrodeartes.azores.gov.pt\/pt\/wp-json\/wp\/v2\/pages"}],"about":[{"href":"https:\/\/arquipelagocentrodeartes.azores.gov.pt\/pt\/wp-json\/wp\/v2\/types\/page"}],"author":[{"embeddable":true,"href":"https:\/\/arquipelagocentrodeartes.azores.gov.pt\/pt\/wp-json\/wp\/v2\/users\/14"}],"replies":[{"embeddable":true,"href":"https:\/\/arquipelagocentrodeartes.azores.gov.pt\/pt\/wp-json\/wp\/v2\/comments?post=10263"}],"version-history":[{"count":8,"href":"https:\/\/arquipelagocentrodeartes.azores.gov.pt\/pt\/wp-json\/wp\/v2\/pages\/10263\/revisions"}],"predecessor-version":[{"id":10535,"href":"https:\/\/arquipelagocentrodeartes.azores.gov.pt\/pt\/wp-json\/wp\/v2\/pages\/10263\/revisions\/10535"}],"wp:attachment":[{"href":"https:\/\/arquipelagocentrodeartes.azores.gov.pt\/pt\/wp-json\/wp\/v2\/media?parent=10263"}],"curies":[{"name":"wp","href":"https:\/\/api.w.org\/{rel}","templated":true}]}}