{"id":10334,"date":"2020-05-31T14:50:57","date_gmt":"2020-05-31T14:50:57","guid":{"rendered":"https:\/\/arquipelagocentrodeartes.azores.gov.pt\/?page_id=10334"},"modified":"2020-08-03T13:58:57","modified_gmt":"2020-08-03T13:58:57","slug":"5anos5artistas","status":"publish","type":"page","link":"https:\/\/arquipelagocentrodeartes.azores.gov.pt\/pt\/5anos5artistas\/","title":{"rendered":"5 Anos, 5 Artistas"},"content":{"rendered":"<p><strong>junho 2020<\/strong><\/p>\r\n\r\n\r\n\r\n<p style=\"text-align: justify;\">5 ANOS 5 ARTISTAS pretende celebrar os 5 anos do ARQUIP\u00c9LAGO &#8211; Centro de Artes Contempor\u00e2neas atrav\u00e9s da recolha e partilha de testemunhos de 5 artistas a\u00e7orianos.\u00a0Sofia Caetano, Catarina Medeiros, Carolina Rocha, WE SEA e Susana Aleixo Lopes partilham as suas experi\u00eancias durante as resid\u00eancias art\u00edsticas que desenvolveram, falam sobre o seu trabalho, o seu percurso, sobre o presente e o futuro.<\/p>\r\n\r\n\r\n\r\n<p style=\"text-align: justify;\">Nesta comemora\u00e7\u00e3o, os artistas recordam o seu percurso connosco. Fica o convite para que tamb\u00e9m acompanhe estes e outros trabalhos de artistas por descobrir.<\/p>\r\n\r\n\r\n\r\n<p class=\"has-text-color\" style=\"color: #ffffff;\">.<\/p>\r\n\r\n\r\n\r\n\r\n\r\n<p>\/\/<\/p>\r\n<p><strong>SUSANA ALEIXO LOPES<\/strong><\/p>\r\n<p style=\"text-align: justify;\">Susana Aleixo Lopes foi a artista selecionada no Open Call lan\u00e7ado pelo ARQUIP\u00c9LAGO \u2013 Centro de Artes Contempor\u00e2neas, no \u00e2mbito do protocolo com o Centro de Arte La Regenta para a promo\u00e7\u00e3o de interc\u00e2mbio de artistas entre os dois arquip\u00e9lagos, atrav\u00e9s de um projeto de Resid\u00eancias Art\u00edsticas. \u00a0O projeto, desenvolvido em resid\u00eancia entre novembro e dezembro de 2019, inaugurou a 14 de fevereiro de 2020 no Centro de Arte La Regenta. \u201cNos Queda El Horizonte\u201d \u00e9 uma reflex\u00e3o sobre uma cat\u00e1strofe natural (inc\u00eandio), que a artista conecta com a nossa ess\u00eancia.<\/p>\r\n<p><iframe loading=\"lazy\" title=\"5 Anos, 5 Artistas | Susana Aleixo Lopes\" width=\"500\" height=\"281\" src=\"https:\/\/www.youtube.com\/embed\/BLwx6FVu7wo?feature=oembed\" frameborder=\"0\" allow=\"accelerometer; autoplay; clipboard-write; encrypted-media; gyroscope; picture-in-picture; web-share\" referrerpolicy=\"strict-origin-when-cross-origin\" allowfullscreen><\/iframe><\/p>\r\n<p><strong>\/\/<\/strong><\/p>\r\n\r\n\r\n\r\n<p><strong>WE SEA<\/strong><\/p>\r\n<p style=\"text-align: justify;\">Em abril de 2019 os WE SEA estiveram no ARQUIP\u00c9LAGO \u2013 Centro de Artes Contempor\u00e2neas em resid\u00eancia art\u00edstica para o Festival TREMOR conjuntamente com Pedro Lucas. A banda de Clemente Almeida e Rui Rofino &#8220;v\u00ea nos seus objetivos uma tentativa de reinventar a m\u00fasica a\u00e7oriana com base e inspira\u00e7\u00e3o nas peculiaridades e experi\u00eancia na condi\u00e7\u00e3o de se ser ilh\u00e9u.&#8221; O resultado da resid\u00eancia art\u00edstica foi apresentado num concerto na edi\u00e7\u00e3o de 2019 do Festival TREMOR.<\/p>\r\n<p><iframe loading=\"lazy\" title=\"5 Anos, 5 Artistas | WE SEA\" width=\"500\" height=\"281\" src=\"https:\/\/www.youtube.com\/embed\/Wa1uRUn7hU0?feature=oembed\" frameborder=\"0\" allow=\"accelerometer; autoplay; clipboard-write; encrypted-media; gyroscope; picture-in-picture; web-share\" referrerpolicy=\"strict-origin-when-cross-origin\" allowfullscreen><\/iframe><\/p>\r\n\r\n\r\n\r\n<p>&nbsp;<\/p>\r\n<p>\/\/<\/p>\r\n<p class=\"has-text-color\"><strong>CAROLINA ROCHA<\/strong><\/p>\r\n\r\n\r\n\r\n<p style=\"text-align: justify;\">A convite do ARQUIP\u00c9LAGO, a artista Carolina Rocha desenvolveu uma resid\u00eancia art\u00edstica com a Associa\u00e7\u00e3o Unojovens, entre os meses de abril e maio de 2019. Para a artista, o principal objetivo deste projeto era \u201ccontribuir para o envolvimento da comunidade local em processos criativos, enriquecer o seu tecido sociocultural e combater a exclus\u00e3o social\u201d.\u00a0 O resultado foi \u201cMiragem\u201d, que contou tamb\u00e9m com a colabora\u00e7\u00e3o art\u00edstica de Andresa Soares, uma pe\u00e7a constru\u00edda a partir de uma condi\u00e7\u00e3o espec\u00edfica entre o p\u00fablico e os performers que habitam o espa\u00e7o de cena.<\/p>\r\n<p><iframe loading=\"lazy\" title=\"5 Anos, 5 Artistas | Carolina Rocha\" width=\"500\" height=\"281\" src=\"https:\/\/www.youtube.com\/embed\/17R29S9eMXI?feature=oembed\" frameborder=\"0\" allow=\"accelerometer; autoplay; clipboard-write; encrypted-media; gyroscope; picture-in-picture; web-share\" referrerpolicy=\"strict-origin-when-cross-origin\" allowfullscreen><\/iframe><\/p>\r\n\r\n\r\n\r\n\r\n\r\n<p class=\"has-text-color\" style=\"color: #ffffff;\">\/\/<\/p>\r\n\r\n\r\n\r\n<p>\/\/<\/p>\r\n\r\n\r\n\r\n<p><strong>CATARINA MEDEIROS<\/strong><\/p>\r\n\r\n\r\n\r\n<p style=\"text-align: justify;\">A Resid\u00eancia Art\u00edstica \u201cArte para Todos\u201d pretendeu introduzir a dan\u00e7a e o movimento a pessoas com necessidades especiais. Catarina Medeiros esteve entre mar\u00e7o e maio de 2018 a trabalhar com a comunidade no Centro de Atividades Ocupacionais da Santa Casa da Miseric\u00f3rdia da Ribeira Grande. Desta resid\u00eancia art\u00edstica , que contou com a colabora\u00e7\u00e3o do bailarino Tiago Correia, nasceu o espet\u00e1culo \u201cUm ensaio sobre corpos\u201d, apresentado na Blackbox a 18 de maio, no Dia Internacional dos Museus.<\/p>\r\n\r\n\r\n\r\n<figure class=\"wp-block-embed-youtube aligncenter wp-block-embed is-type-video is-provider-youtube wp-embed-aspect-16-9 wp-has-aspect-ratio\">\r\n<div class=\"wp-block-embed__wrapper\">\r\n<p><iframe loading=\"lazy\" title=\"5 Anos, 5 Artistas | Catarina Medeiros\" width=\"500\" height=\"281\" src=\"https:\/\/www.youtube.com\/embed\/MLyTk4my468?feature=oembed\" frameborder=\"0\" allow=\"accelerometer; autoplay; clipboard-write; encrypted-media; gyroscope; picture-in-picture; web-share\" referrerpolicy=\"strict-origin-when-cross-origin\" allowfullscreen><\/iframe><\/p>\r\n<\/div>\r\n<\/figure>\r\n\r\n\r\n\r\n<p class=\"has-text-color\" style=\"color: #ffffff;\">.<\/p>\r\n\r\n\r\n\r\n<p><strong>\/\/<\/strong><\/p>\r\n\r\n\r\n\r\n\r\n\r\n<p><strong>SOFIA CAETANO<\/strong><\/p>\r\n\r\n\r\n\r\n<p style=\"text-align: justify;\">Sofia Caetano esteve em resid\u00eancia art\u00edstica no Centro de Arte de La Regenta em maio de 2018, atrav\u00e9s do protocolo assinado entre a Secretaria Regional da Educa\u00e7\u00e3o e Cultura, atrav\u00e9s do ARQUIP\u00c9LAGO \u2013 Centro de Artes Contempor\u00e2neas e aquele centro de artes das Can\u00e1rias. Esta resid\u00eancia art\u00edstica culminou na exposi\u00e7\u00e3o \u201cThirst Explorations\u201d patente entre 13 de julho e 22 de setembro do mesmo ano no Centro de Arte La Regenta. Em 2017 a artista visual apresentou no ARQUIP\u00c9LAGO &#8211; Centro de Artes Contempor\u00e2neas &#8220;Bliss&#8221;, uma pe\u00e7a que incorpora 7 instala\u00e7\u00f5es multim\u00e9dia.<\/p>\r\n\r\n\r\n\r\n<figure class=\"wp-block-embed-youtube aligncenter wp-block-embed is-type-video is-provider-youtube wp-embed-aspect-16-9 wp-has-aspect-ratio\">\r\n<div class=\"wp-block-embed__wrapper\">\r\n<p><iframe loading=\"lazy\" title=\"5 Anos, 5 Artistas | Sofia Caetano\" width=\"500\" height=\"281\" src=\"https:\/\/www.youtube.com\/embed\/-n0ZYWqIIZg?feature=oembed\" frameborder=\"0\" allow=\"accelerometer; autoplay; clipboard-write; encrypted-media; gyroscope; picture-in-picture; web-share\" referrerpolicy=\"strict-origin-when-cross-origin\" allowfullscreen><\/iframe><\/p>\r\n<\/div>\r\n<\/figure>\r\n\r\n\r\n\r\n<p>&nbsp;<\/p>","protected":false},"excerpt":{"rendered":"<p>junho 2020 5 ANOS 5 ARTISTAS pretende celebrar os 5 anos do ARQUIP\u00c9LAGO &#8211; Centro de Artes Contempor\u00e2neas atrav\u00e9s da recolha e partilha de testemunhos de 5 artistas a\u00e7orianos.\u00a0Sofia Caetano, Catarina Medeiros, Carolina Rocha, WE SEA e Susana Aleixo Lopes partilham as suas experi\u00eancias durante as resid\u00eancias art\u00edsticas que desenvolveram, falam sobre o seu trabalho, [&hellip;]<\/p>\n","protected":false},"author":14,"featured_media":0,"parent":0,"menu_order":0,"comment_status":"closed","ping_status":"closed","template":"","meta":{"_acf_changed":false,"_monsterinsights_skip_tracking":false,"_monsterinsights_sitenote_active":false,"_monsterinsights_sitenote_note":"","_monsterinsights_sitenote_category":0,"_uf_show_specific_survey":0,"_uf_disable_surveys":false,"footnotes":""},"class_list":["post-10334","page","type-page","status-publish","hentry"],"acf":[],"_links":{"self":[{"href":"https:\/\/arquipelagocentrodeartes.azores.gov.pt\/pt\/wp-json\/wp\/v2\/pages\/10334","targetHints":{"allow":["GET"]}}],"collection":[{"href":"https:\/\/arquipelagocentrodeartes.azores.gov.pt\/pt\/wp-json\/wp\/v2\/pages"}],"about":[{"href":"https:\/\/arquipelagocentrodeartes.azores.gov.pt\/pt\/wp-json\/wp\/v2\/types\/page"}],"author":[{"embeddable":true,"href":"https:\/\/arquipelagocentrodeartes.azores.gov.pt\/pt\/wp-json\/wp\/v2\/users\/14"}],"replies":[{"embeddable":true,"href":"https:\/\/arquipelagocentrodeartes.azores.gov.pt\/pt\/wp-json\/wp\/v2\/comments?post=10334"}],"version-history":[{"count":47,"href":"https:\/\/arquipelagocentrodeartes.azores.gov.pt\/pt\/wp-json\/wp\/v2\/pages\/10334\/revisions"}],"predecessor-version":[{"id":10529,"href":"https:\/\/arquipelagocentrodeartes.azores.gov.pt\/pt\/wp-json\/wp\/v2\/pages\/10334\/revisions\/10529"}],"wp:attachment":[{"href":"https:\/\/arquipelagocentrodeartes.azores.gov.pt\/pt\/wp-json\/wp\/v2\/media?parent=10334"}],"curies":[{"name":"wp","href":"https:\/\/api.w.org\/{rel}","templated":true}]}}