{"id":106,"date":"2015-10-05T18:04:16","date_gmt":"2015-10-05T18:04:16","guid":{"rendered":"https:\/\/arquipelagocentrodeartes.azores.gov.pt\/?page_id=106"},"modified":"2016-01-05T13:17:58","modified_gmt":"2016-01-05T13:17:58","slug":"loja","status":"publish","type":"page","link":"https:\/\/arquipelagocentrodeartes.azores.gov.pt\/pt\/loja\/","title":{"rendered":"Loja"},"content":{"rendered":"<p>Neste edif\u00edcio mantiveram-se as grossas paredes de alvenaria de pedra que suportam um sistema de coberturas de duas \u00e1guas em madeira, libertando o espa\u00e7o para a livraria assim como para os artigos de merchandising. No piso 1, onde neste momento est\u00e1 exposta a maquete do projeto, \u00e9 poss\u00edvel assistir a uma mostra de imagens da pr\u00e9-exist\u00eancia e do processo de obra com registo das interven\u00e7\u00f5es ao n\u00edvel dos diferentes edif\u00edcios.<\/p>","protected":false},"excerpt":{"rendered":"<p>Neste edif\u00edcio mantiveram-se as grossas paredes de alvenaria de pedra que suportam um sistema de coberturas de duas \u00e1guas em madeira, libertando o espa\u00e7o para a livraria assim como para os artigos de merchandising. No piso 1, onde neste momento est\u00e1 exposta a maquete do projeto, \u00e9 poss\u00edvel assistir a uma mostra de imagens da [&hellip;]<\/p>\n","protected":false},"author":14,"featured_media":2006,"parent":0,"menu_order":0,"comment_status":"closed","ping_status":"closed","template":"","meta":{"_acf_changed":false,"_monsterinsights_skip_tracking":false,"_monsterinsights_sitenote_active":false,"_monsterinsights_sitenote_note":"","_monsterinsights_sitenote_category":0,"_uf_show_specific_survey":0,"_uf_disable_surveys":false,"footnotes":""},"class_list":["post-106","page","type-page","status-publish","has-post-thumbnail","hentry"],"acf":[],"_links":{"self":[{"href":"https:\/\/arquipelagocentrodeartes.azores.gov.pt\/pt\/wp-json\/wp\/v2\/pages\/106","targetHints":{"allow":["GET"]}}],"collection":[{"href":"https:\/\/arquipelagocentrodeartes.azores.gov.pt\/pt\/wp-json\/wp\/v2\/pages"}],"about":[{"href":"https:\/\/arquipelagocentrodeartes.azores.gov.pt\/pt\/wp-json\/wp\/v2\/types\/page"}],"author":[{"embeddable":true,"href":"https:\/\/arquipelagocentrodeartes.azores.gov.pt\/pt\/wp-json\/wp\/v2\/users\/14"}],"replies":[{"embeddable":true,"href":"https:\/\/arquipelagocentrodeartes.azores.gov.pt\/pt\/wp-json\/wp\/v2\/comments?post=106"}],"version-history":[{"count":2,"href":"https:\/\/arquipelagocentrodeartes.azores.gov.pt\/pt\/wp-json\/wp\/v2\/pages\/106\/revisions"}],"predecessor-version":[{"id":239,"href":"https:\/\/arquipelagocentrodeartes.azores.gov.pt\/pt\/wp-json\/wp\/v2\/pages\/106\/revisions\/239"}],"wp:featuredmedia":[{"embeddable":true,"href":"https:\/\/arquipelagocentrodeartes.azores.gov.pt\/pt\/wp-json\/wp\/v2\/media\/2006"}],"wp:attachment":[{"href":"https:\/\/arquipelagocentrodeartes.azores.gov.pt\/pt\/wp-json\/wp\/v2\/media?parent=106"}],"curies":[{"name":"wp","href":"https:\/\/api.w.org\/{rel}","templated":true}]}}