{"id":10623,"date":"2020-10-16T18:46:52","date_gmt":"2020-10-16T18:46:52","guid":{"rendered":"https:\/\/arquipelagocentrodeartes.azores.gov.pt\/?page_id=10623"},"modified":"2021-03-13T21:53:29","modified_gmt":"2021-03-13T21:53:29","slug":"epicentro-milagre","status":"publish","type":"page","link":"https:\/\/arquipelagocentrodeartes.azores.gov.pt\/pt\/epicentro-milagre\/","title":{"rendered":"Epicentro: Milagre"},"content":{"rendered":"<p><strong>\/\/ PMDS | Concerto-desmontagem<\/strong><\/p>\r\n<p style=\"text-align: justify;\">Os PMDS assinalaram o encerramento de &#8220;Epicentro: Milagre&#8221;, exposi\u00e7\u00e3o que ocupou o Arquip\u00e9lago entre os meses de setembro de 2020 e fevereiro de 2021. Pedro Sousa e Filipe Caetano criaram um ensaio de temas inspirados nas obras deste projeto curado pelo Tremor.<\/p>\r\n<p><iframe loading=\"lazy\" title=\"Epicentro: Milagre | Concerto-desmontagem - PMDS\" width=\"500\" height=\"281\" src=\"https:\/\/www.youtube.com\/embed\/9wt6GpeEsV8?feature=oembed\" frameborder=\"0\" allow=\"accelerometer; autoplay; clipboard-write; encrypted-media; gyroscope; picture-in-picture; web-share\" referrerpolicy=\"strict-origin-when-cross-origin\" allowfullscreen><\/iframe><\/p>\r\n<p>&nbsp;<\/p>\r\n<p><strong>\/\/ Tito Mouraz<\/strong><\/p>\r\n<p style=\"text-align: justify;\">Tito Mouraz \u00e9 fot\u00f3grafo. Finalizou o curso de Artes Visuais e Fotografia na Escola Superior Art\u00edstica do Porto, em 2010,\u00a0 cidade onde vive e trabalha atualmente. Exp\u00f5e regularmente desde 2009 em Portugal e no estrangeiro.<\/p>\r\n<p style=\"text-align: justify;\">Na exposi\u00e7\u00e3o Epicentro:Milagre, o fot\u00f3grafo construiu uma instala\u00e7\u00e3o a partir de \u201cum universo de enquadramentos sobre a materialidade, os lugares de fronteira, o isolamento, o mar\u00edtimo, o patrim\u00f3nio esquecido, as rela\u00e7\u00f5es de luz e forma, oferecendo desvios da visualidade quotidiana, normativa e estereotipada da realidade a\u00e7oriana.\u201d\u00a0<\/p>\r\n<p><iframe loading=\"lazy\" title=\"Epicentro: Milagre | Tito Mouraz\" width=\"500\" height=\"281\" src=\"https:\/\/www.youtube.com\/embed\/WHydb5y2mwQ?feature=oembed\" frameborder=\"0\" allow=\"accelerometer; autoplay; clipboard-write; encrypted-media; gyroscope; picture-in-picture; web-share\" referrerpolicy=\"strict-origin-when-cross-origin\" allowfullscreen><\/iframe><\/p>\r\n<p>&nbsp;<\/p>\r\n<p><strong>\/\/ berru<\/strong><\/p>\r\n<p style=\"text-align: justify;\">berru \u00e9 um coletivo de artistas do Porto formados nas \u00e1reas de Belas Artes, Multim\u00e9dia, Cinema e Engenharia, dedicado \u00e0 cria\u00e7\u00e3o art\u00edstica.<\/p>\r\n<p style=\"text-align: justify;\">O seu trabalho\/obra reflete sobre a rela\u00e7\u00e3o \u00edntima do ser humano com a m\u00e1quina, uma rela\u00e7\u00e3o que se debru\u00e7a cada vez mais sobre quest\u00f5es filos\u00f3ficas, antropol\u00f3gicas, pol\u00edticas, sociais e \u00e9ticas.<\/p>\r\n<p style=\"text-align: justify;\">Em Epicentro: Milagre o coletivo do Porto apresenta <em>Estudo da distribui\u00e7\u00e3o das dimens\u00f5es dos gr\u00e3os de um solo,<\/em> um trabalho multidisciplinar que combina a arte, ci\u00eancia e tecnologia.<\/p>\r\n<p style=\"text-align: justify;\">\u201cA constru\u00e7\u00e3o dos planos alude \u00e0 idealiza\u00e7\u00e3o de novos estratos geol\u00f3gicos artificiais expostos \u00e0 a\u00e7\u00e3o da m\u00e1quina e do homem ao inv\u00e9s de processos naturais.\u201d<\/p>\r\n<p><iframe loading=\"lazy\" title=\"Epientro: Milagre | berru\" width=\"500\" height=\"281\" src=\"https:\/\/www.youtube.com\/embed\/1xXKDqstlTk?feature=oembed\" frameborder=\"0\" allow=\"accelerometer; autoplay; clipboard-write; encrypted-media; gyroscope; picture-in-picture; web-share\" referrerpolicy=\"strict-origin-when-cross-origin\" allowfullscreen><\/iframe><\/p>\r\n<p>&nbsp;<\/p>\r\n<p><strong>\/\/ Jo\u00e3o Ferreira<\/strong><\/p>\r\n<div>\r\n<p style=\"text-align: justify;\">Jo\u00e3o Ferreira nasceu em Leiria onde reside e trabalha. A fotografia acompanha-o num percurso paralelo a todas as suas outras atividades, desde a d\u00e9cada de noventa. Desde 2012 os temas dos seus trabalhos s\u00e3o dedicados \u00e0 fotografia documental, focando a identidade e cultura das comunidades. Em 2018, apresentou <i>O Para\u00edso Segundo Jos\u00e9 Maria<\/i>, em Leiria, e posteriormente em Lisboa. Em 2019, foi apresentado no Porto, Pombal e \u00d3bidos, sendo ainda selecionado para as proje\u00e7\u00f5es do Pr\u00e9mio Revela\u00e7\u00e3o, dos Encontros da Imagem, Braga.<\/p>\r\n<p style=\"text-align: justify;\">\u00c9 este trabalho que agora apresenta em \u201cEpicentro: Milagre\u201d. Registos de uma caminhada de f\u00e9 e de introspe\u00e7\u00e3o da \u00faltima romaria do Rancho de Rabo de Peixe, que aconteceu em 2019.<\/p>\r\n<p style=\"text-align: justify;\">\u201cOs ter\u00e7os. As ora\u00e7\u00f5es. A f\u00e9. A busca da paz interior. O acalmar dos terramotos. O apaziguar das tormentas. Oito dias de comunh\u00e3o com a for\u00e7a da natureza, sacrificando o corpo pela f\u00e9, purificando a mente pela introspec\u00e7\u00e3o. \u201c, Jo\u00e3o Ferreira<\/p>\r\n<\/div>\r\n<p>&nbsp;<\/p>\r\n<p><iframe loading=\"lazy\" title=\"Epicentro: Milagre | Jo\u00e3o Ferreira\" width=\"500\" height=\"281\" src=\"https:\/\/www.youtube.com\/embed\/08m67fiIIpk?feature=oembed\" frameborder=\"0\" allow=\"accelerometer; autoplay; clipboard-write; encrypted-media; gyroscope; picture-in-picture; web-share\" referrerpolicy=\"strict-origin-when-cross-origin\" allowfullscreen><\/iframe><\/p>\r\n<p>&nbsp;<\/p>\r\n<p>&nbsp;<\/p>\r\n\r\n<p><strong>\/\/ Francisco Lacerda<\/strong><\/p>\r\n<p style=\"text-align: justify;\">Francisco Lacerda \u00e9 um realizador\/argumentista Luso-Americano que cresceu em S\u00e3o Miguel nos A\u00e7ores, e reside atualmente em Hels\u00ednquia, na Finl\u00e2ndia. \u00c9 um dos criadores das curtas-metragens \u201cDentes e Garras!\u201d e \u201cDentes e Garras 2\u201d, ambas nomeadas para um Pr\u00e9mio M\u00e9li\u00e8s D&#8217;Argent no Festival de Cinema de Terror de Lisboa &#8211; MOTELX. Durante a d\u00e9cima segunda edi\u00e7\u00e3o do festival MOTELX, foi cunhado o termo &#8220;Azoresploitation&#8221; para descrever os trabalhos cinematogr\u00e1ficos de Francisco Lacerda como um subg\u00e9nero \u00fanico de cinema exploitation\/splatter Portugu\u00eas feito unicamente no arquip\u00e9lago dos A\u00e7ores e por artistas a\u00e7orianos.<\/p>\r\n<p style=\"text-align: justify;\">\u201cMiseric\u00f3rdia\u201d \u00e9 a primeira instala\u00e7\u00e3o art\u00edstica de Francisco Lacerda e surge de uma pesquisa sobre as romarias em S\u00e3o Miguel que o inspiraram na cria\u00e7\u00e3o deste trabalho ficcional. Dividida em 4 atos, a narrativa que nos apresenta cruza a mitologia pag\u00e3 e a f\u00e9 crist\u00e3 a\u00e7oriana, num local sagrado onde decorre um bizarro e obscuro ritual.<\/p>\r\n<p><iframe loading=\"lazy\" title=\"Epicentro: Milagre | Francisco Lacerda\" width=\"500\" height=\"281\" src=\"https:\/\/www.youtube.com\/embed\/qDIR1YJJ6hw?feature=oembed\" frameborder=\"0\" allow=\"accelerometer; autoplay; clipboard-write; encrypted-media; gyroscope; picture-in-picture; web-share\" referrerpolicy=\"strict-origin-when-cross-origin\" allowfullscreen><\/iframe><\/p>\r\n<p>&nbsp;<\/p>\r\n<p>&nbsp;<\/p>\r\n\r\n<p><strong>\/\/ Priscilla Telmon &amp; Vincent Moon<\/strong><\/p>\r\n\r\n<p style=\"text-align: justify;\">Priscilla Telmon &amp; Vincent Moon s\u00e3o um duo colaborativo e multidisciplinar de artistas que trabalham como cineastas independentes e exploradores de som. Juntos produzem filmes experimentais etnogr\u00e1ficos e grava\u00e7\u00f5es de m\u00fasica, dire\u00e7\u00e3o criativa e curadoria, com base em material recolhido durante as suas in\u00fameras viagens.<\/p>\r\n<p style=\"text-align: justify;\">Na exposi\u00e7\u00e3o \u201cEpicentro: Milagre\u201d apresentam \u201cA passagem dos Milagres\u201d, uma instala\u00e7\u00e3o <em>site-specific<\/em> criada durante a sua passagem por S\u00e3o Miguel, em setembro de 2020. Uma pesquisa sobre os esp\u00edritos do mar, as vibra\u00e7\u00f5es do solo e o patrim\u00f3nio s\u00f3nico da terra na cultura contempor\u00e2nea. Um conjunto de objetos encontrados, fragmentos de \u00e1udio e filmagens, recolhidos nesta ilha.<\/p>\r\n<p><iframe loading=\"lazy\" title=\"Epicentro: Milagre | Priscilla Telmon &amp; Vincent Moon\" width=\"500\" height=\"281\" src=\"https:\/\/www.youtube.com\/embed\/UCTy90kNvPk?feature=oembed\" frameborder=\"0\" allow=\"accelerometer; autoplay; clipboard-write; encrypted-media; gyroscope; picture-in-picture; web-share\" referrerpolicy=\"strict-origin-when-cross-origin\" allowfullscreen><\/iframe><\/p>","protected":false},"excerpt":{"rendered":"<p>\/\/ PMDS | Concerto-desmontagem Os PMDS assinalaram o encerramento de &#8220;Epicentro: Milagre&#8221;, exposi\u00e7\u00e3o que ocupou o Arquip\u00e9lago entre os meses de setembro de 2020 e fevereiro de 2021. Pedro Sousa e Filipe Caetano criaram um ensaio de temas inspirados nas obras deste projeto curado pelo Tremor. &nbsp; \/\/ Tito Mouraz Tito Mouraz \u00e9 fot\u00f3grafo. Finalizou [&hellip;]<\/p>\n","protected":false},"author":14,"featured_media":0,"parent":0,"menu_order":0,"comment_status":"closed","ping_status":"closed","template":"","meta":{"_acf_changed":false,"_monsterinsights_skip_tracking":false,"_monsterinsights_sitenote_active":false,"_monsterinsights_sitenote_note":"","_monsterinsights_sitenote_category":0,"_uf_show_specific_survey":0,"_uf_disable_surveys":false,"footnotes":""},"class_list":["post-10623","page","type-page","status-publish","hentry"],"acf":[],"_links":{"self":[{"href":"https:\/\/arquipelagocentrodeartes.azores.gov.pt\/pt\/wp-json\/wp\/v2\/pages\/10623","targetHints":{"allow":["GET"]}}],"collection":[{"href":"https:\/\/arquipelagocentrodeartes.azores.gov.pt\/pt\/wp-json\/wp\/v2\/pages"}],"about":[{"href":"https:\/\/arquipelagocentrodeartes.azores.gov.pt\/pt\/wp-json\/wp\/v2\/types\/page"}],"author":[{"embeddable":true,"href":"https:\/\/arquipelagocentrodeartes.azores.gov.pt\/pt\/wp-json\/wp\/v2\/users\/14"}],"replies":[{"embeddable":true,"href":"https:\/\/arquipelagocentrodeartes.azores.gov.pt\/pt\/wp-json\/wp\/v2\/comments?post=10623"}],"version-history":[{"count":27,"href":"https:\/\/arquipelagocentrodeartes.azores.gov.pt\/pt\/wp-json\/wp\/v2\/pages\/10623\/revisions"}],"predecessor-version":[{"id":10888,"href":"https:\/\/arquipelagocentrodeartes.azores.gov.pt\/pt\/wp-json\/wp\/v2\/pages\/10623\/revisions\/10888"}],"wp:attachment":[{"href":"https:\/\/arquipelagocentrodeartes.azores.gov.pt\/pt\/wp-json\/wp\/v2\/media?parent=10623"}],"curies":[{"name":"wp","href":"https:\/\/api.w.org\/{rel}","templated":true}]}}