{"id":122,"date":"2015-10-06T09:32:29","date_gmt":"2015-10-06T09:32:29","guid":{"rendered":"https:\/\/arquipelagocentrodeartes.azores.gov.pt\/?page_id=122"},"modified":"2016-02-03T18:23:57","modified_gmt":"2016-02-03T18:23:57","slug":"visitantes","status":"publish","type":"page","link":"https:\/\/arquipelagocentrodeartes.azores.gov.pt\/pt\/visitantes\/","title":{"rendered":"Visitantes"},"content":{"rendered":"<p>O Arquip\u00e9lago \u2013 Centro de Artes Contempor\u00e2neas pretende que os visitantes participem de forma ativa e inovadora no projeto cultural e art\u00edstico que assenta numa transversalidade art\u00edstica sempre com a preocupa\u00e7\u00e3o do envolvimento quer da comunidade local, quer do p\u00fablico em geral .<\/p>\n<p>Consulte as v\u00e1rias modalidades dispon\u00edveis.<\/p>","protected":false},"excerpt":{"rendered":"<p>O Arquip\u00e9lago \u2013 Centro de Artes Contempor\u00e2neas pretende que os visitantes participem de forma ativa e inovadora no projeto cultural e art\u00edstico que assenta numa transversalidade art\u00edstica sempre com a preocupa\u00e7\u00e3o do envolvimento quer da comunidade local, quer do p\u00fablico em geral . Consulte as v\u00e1rias modalidades dispon\u00edveis.<\/p>\n","protected":false},"author":14,"featured_media":1119,"parent":0,"menu_order":0,"comment_status":"closed","ping_status":"closed","template":"page-subitems.php","meta":{"_acf_changed":false,"_monsterinsights_skip_tracking":false,"_monsterinsights_sitenote_active":false,"_monsterinsights_sitenote_note":"","_monsterinsights_sitenote_category":0,"_uf_show_specific_survey":0,"_uf_disable_surveys":false,"footnotes":""},"class_list":["post-122","page","type-page","status-publish","has-post-thumbnail","hentry"],"acf":[],"_links":{"self":[{"href":"https:\/\/arquipelagocentrodeartes.azores.gov.pt\/pt\/wp-json\/wp\/v2\/pages\/122","targetHints":{"allow":["GET"]}}],"collection":[{"href":"https:\/\/arquipelagocentrodeartes.azores.gov.pt\/pt\/wp-json\/wp\/v2\/pages"}],"about":[{"href":"https:\/\/arquipelagocentrodeartes.azores.gov.pt\/pt\/wp-json\/wp\/v2\/types\/page"}],"author":[{"embeddable":true,"href":"https:\/\/arquipelagocentrodeartes.azores.gov.pt\/pt\/wp-json\/wp\/v2\/users\/14"}],"replies":[{"embeddable":true,"href":"https:\/\/arquipelagocentrodeartes.azores.gov.pt\/pt\/wp-json\/wp\/v2\/comments?post=122"}],"version-history":[{"count":6,"href":"https:\/\/arquipelagocentrodeartes.azores.gov.pt\/pt\/wp-json\/wp\/v2\/pages\/122\/revisions"}],"predecessor-version":[{"id":2057,"href":"https:\/\/arquipelagocentrodeartes.azores.gov.pt\/pt\/wp-json\/wp\/v2\/pages\/122\/revisions\/2057"}],"wp:featuredmedia":[{"embeddable":true,"href":"https:\/\/arquipelagocentrodeartes.azores.gov.pt\/pt\/wp-json\/wp\/v2\/media\/1119"}],"wp:attachment":[{"href":"https:\/\/arquipelagocentrodeartes.azores.gov.pt\/pt\/wp-json\/wp\/v2\/media?parent=122"}],"curies":[{"name":"wp","href":"https:\/\/api.w.org\/{rel}","templated":true}]}}