{"id":12568,"date":"2025-05-15T16:34:56","date_gmt":"2025-05-15T16:34:56","guid":{"rendered":"https:\/\/arquipelagocentrodeartes.azores.gov.pt\/?page_id=12568"},"modified":"2025-11-11T16:47:21","modified_gmt":"2025-11-11T16:47:21","slug":"horarios-atual","status":"publish","type":"page","link":"https:\/\/arquipelagocentrodeartes.azores.gov.pt\/pt\/info-uteis\/horarios-atual\/","title":{"rendered":"Hor\u00e1rio"},"content":{"rendered":"<p><strong><span style=\"font-size: 10pt;\">Centro de Artes Contempor\u00e2neas<\/span><\/strong><\/p>\n<p>Ter\u00e7a a Domingo<\/p>\n<p>10h00 \u00e0s 18h00 *<\/p>\n<p style=\"text-align: left;\">*Por motivos t\u00e9cnicos, as exposi\u00e7\u00f5es do Arquip\u00e9lago est\u00e3o encerradas entre as 12h30 e as 13h30.<\/p>\n<p><span style=\"text-decoration: underline;\">(\u00faltima entrada para visita a exposi\u00e7\u00f5es \u00e9 \u00e0s 17h30)<\/span><\/p>\n<p><strong><span style=\"font-size: 10pt;\">Loja<\/span><\/strong><\/p>\n<p>Ter\u00e7a a Domingo<\/p>\n<p>10h00 \u00e0s 18h00*<\/p>\n<p>*A loja encontra-se encerrada entre as 13h30 e as 14h30.<\/p>\n<p><strong><span style=\"font-size: 10pt;\">Biblioteca e Centro Documental<\/span><\/strong><\/p>\n<p>Ter\u00e7a a s\u00e1bado<\/p>\n<p>10h00 \u00e0s 12h30<\/p>\n<p>14h00 \u00e0s 18h00<\/p>","protected":false},"excerpt":{"rendered":"<p>Centro de Artes Contempor\u00e2neas Ter\u00e7a a Domingo 10h00 \u00e0s 18h00 * *Por motivos t\u00e9cnicos, as exposi\u00e7\u00f5es do Arquip\u00e9lago est\u00e3o encerradas entre as 12h30 e as 13h30. (\u00faltima entrada para visita a exposi\u00e7\u00f5es \u00e9 \u00e0s 17h30) Loja Ter\u00e7a a Domingo 10h00 \u00e0s 18h00* *A loja encontra-se encerrada entre as 13h30 e as 14h30. Biblioteca e Centro [&hellip;]<\/p>\n","protected":false},"author":6,"featured_media":0,"parent":21,"menu_order":0,"comment_status":"closed","ping_status":"open","template":"","meta":{"_acf_changed":false,"_monsterinsights_skip_tracking":false,"_monsterinsights_sitenote_active":false,"_monsterinsights_sitenote_note":"","_monsterinsights_sitenote_category":0,"_uf_show_specific_survey":0,"_uf_disable_surveys":false,"footnotes":""},"class_list":["post-12568","page","type-page","status-publish","hentry"],"acf":[],"_links":{"self":[{"href":"https:\/\/arquipelagocentrodeartes.azores.gov.pt\/pt\/wp-json\/wp\/v2\/pages\/12568","targetHints":{"allow":["GET"]}}],"collection":[{"href":"https:\/\/arquipelagocentrodeartes.azores.gov.pt\/pt\/wp-json\/wp\/v2\/pages"}],"about":[{"href":"https:\/\/arquipelagocentrodeartes.azores.gov.pt\/pt\/wp-json\/wp\/v2\/types\/page"}],"author":[{"embeddable":true,"href":"https:\/\/arquipelagocentrodeartes.azores.gov.pt\/pt\/wp-json\/wp\/v2\/users\/6"}],"replies":[{"embeddable":true,"href":"https:\/\/arquipelagocentrodeartes.azores.gov.pt\/pt\/wp-json\/wp\/v2\/comments?post=12568"}],"version-history":[{"count":18,"href":"https:\/\/arquipelagocentrodeartes.azores.gov.pt\/pt\/wp-json\/wp\/v2\/pages\/12568\/revisions"}],"predecessor-version":[{"id":12757,"href":"https:\/\/arquipelagocentrodeartes.azores.gov.pt\/pt\/wp-json\/wp\/v2\/pages\/12568\/revisions\/12757"}],"up":[{"embeddable":true,"href":"https:\/\/arquipelagocentrodeartes.azores.gov.pt\/pt\/wp-json\/wp\/v2\/pages\/21"}],"wp:attachment":[{"href":"https:\/\/arquipelagocentrodeartes.azores.gov.pt\/pt\/wp-json\/wp\/v2\/media?parent=12568"}],"curies":[{"name":"wp","href":"https:\/\/api.w.org\/{rel}","templated":true}]}}