{"id":137,"date":"2015-10-06T09:42:04","date_gmt":"2015-10-06T09:42:04","guid":{"rendered":"https:\/\/arquipelagocentrodeartes.azores.gov.pt\/?page_id=137"},"modified":"2016-02-03T18:33:04","modified_gmt":"2016-02-03T18:33:04","slug":"objetivos-estrategicos","status":"publish","type":"page","link":"https:\/\/arquipelagocentrodeartes.azores.gov.pt\/pt\/arquipelago-2\/arquipelago\/objetivos-estrategicos\/","title":{"rendered":"Objetivos Estrat\u00e9gicos"},"content":{"rendered":"<p><\/p>\n<ul>\n<li>Promover a qualidade do ARQUIP\u00c9LAGO enquanto espa\u00e7o art\u00edstico e cultural, bem como espa\u00e7o de conhecimento, de forma\u00e7\u00e3o, de comunica\u00e7\u00e3o e de responsabilidade social;<\/li>\n<li>Desenvolver uma programa\u00e7\u00e3o cultural transversal a todas \u00e1reas de atua\u00e7\u00e3o do Arquip\u00e9lago \u2013 Centro de Artes Contempor\u00e2neas (artes visuais, arquitetura, artes performativas, cinema, design, multim\u00e9dia, m\u00fasica, literatura e moda) de forma a sensibilizar o p\u00fablico para a arte e cultura contempor\u00e2neas;<\/li>\n<li>Situar e contextualizar a identidade cultural num territ\u00f3rio, paralelamente, local \u2194 global;<\/li>\n<li>Dinamizar a cria\u00e7\u00e3o e a produ\u00e7\u00e3o art\u00edstica nacional e internacional;<\/li>\n<li>Incentivar a cria\u00e7\u00e3o nos A\u00e7ores;<\/li>\n<li>Internacionalizar as artes contempor\u00e2neas;<\/li>\n<li>Refor\u00e7ar as pol\u00edticas de aquisi\u00e7\u00e3o e de divulga\u00e7\u00e3o da cole\u00e7\u00e3o de arte contempor\u00e2nea do ARQUIP\u00c9LAGO;<\/li>\n<li>Promover projetos art\u00edsticos multidisciplinares com o envolvimento da comunidade;<\/li>\n<li>Estruturar uma fideliza\u00e7\u00e3o de diversos p\u00fablicos, sejam eles generalistas ou especializados, atendendo \u00e0s suas especificidades e necessidades;<\/li>\n<li>Desenvolver projetos pluridisciplinares e multiculturais nacionais e internacionais com abordagens quer ao n\u00edvel da cria\u00e7\u00e3o art\u00edstica \u2013 Resid\u00eancias Art\u00edsticas -, quer ao n\u00edvel te\u00f3rico da arte e cultura contempor\u00e2neas \u2013 Semin\u00e1rios; debates &#8211; contribuindo quer para uma perspetiva de forma\u00e7\u00e3o, quer para uma perspetiva da pr\u00e1tica e produ\u00e7\u00e3o art\u00edstica;<\/li>\n<li>Fortalecer uma estrat\u00e9gia de comunica\u00e7\u00e3o integrada numa rede internacional;<\/li>\n<li>Fomentar o estreitamento das rela\u00e7\u00f5es do ARQUIP\u00c9LAGO com o tecido acad\u00e9mico nacional e internacional e a rede escolar dos A\u00e7ores, ativando o interc\u00e2mbio de val\u00eancias no sentido de potenciar a produ\u00e7\u00e3o\/edi\u00e7\u00e3o de valores culturais e cient\u00edficos;<\/li>\n<li>Cimentar uma pol\u00edtica editorial de acordo com as diferentes \u00e1reas de atua\u00e7\u00e3o do Arquip\u00e9lago, e de acordo com uma exig\u00eancia internacional;<\/li>\n<li>Fomentar a colabora\u00e7\u00e3o com diferentes entidades p\u00fablicas e privadas, nacionais e internacionais, tendo em vista o estabelecimento de redes, parcerias, patroc\u00ednios e apoios de financiamento, no sentido de assegurar a autonomia concetual ao n\u00edvel program\u00e1tico;<\/li>\n<li>Tornar o ARQUIP\u00c9LAGO um espa\u00e7o de refer\u00eancia enquanto ponto de encontro art\u00edstico, nomeadamente ao n\u00edvel dos quatro eixos geogr\u00e1ficos: Ilhas Atl\u00e2nticas, Am\u00e9ricas, Europa e \u00c1frica;<\/li>\n<li>Cooperar com os servi\u00e7os externos e atividades culturais da Dire\u00e7\u00e3o Regional da Cultura dos A\u00e7ores para que se crie uma articula\u00e7\u00e3o entre as diferentes programa\u00e7\u00f5es culturais e art\u00edsticas;<\/li>\n<li>Contribuir para a valoriza\u00e7\u00e3o do lugar\/territ\u00f3rio\/paisagem: Arquip\u00e9lago dos A\u00e7ores atrav\u00e9s de uma interliga\u00e7\u00e3o entre as artes e o ambiente;<\/li>\n<li>Mostrar a import\u00e2ncia do ARQUIP\u00c9LAGO enquanto produto para o Turismo cultural.<\/li>\n<\/ul>\n<p>&nbsp;<\/p>\n<p>&nbsp;<\/p>","protected":false},"excerpt":{"rendered":"<p>Promover a qualidade do ARQUIP\u00c9LAGO enquanto espa\u00e7o art\u00edstico e cultural, bem como espa\u00e7o de conhecimento, de forma\u00e7\u00e3o, de comunica\u00e7\u00e3o e de responsabilidade social; Desenvolver uma programa\u00e7\u00e3o cultural transversal a todas \u00e1reas de atua\u00e7\u00e3o do Arquip\u00e9lago \u2013 Centro de Artes Contempor\u00e2neas (artes visuais, arquitetura, artes performativas, cinema, design, multim\u00e9dia, m\u00fasica, literatura e moda) de forma a [&hellip;]<\/p>\n","protected":false},"author":14,"featured_media":0,"parent":131,"menu_order":0,"comment_status":"closed","ping_status":"closed","template":"","meta":{"_acf_changed":false,"_monsterinsights_skip_tracking":false,"_monsterinsights_sitenote_active":false,"_monsterinsights_sitenote_note":"","_monsterinsights_sitenote_category":0,"_uf_show_specific_survey":0,"_uf_disable_surveys":false,"footnotes":""},"class_list":["post-137","page","type-page","status-publish","hentry"],"acf":[],"_links":{"self":[{"href":"https:\/\/arquipelagocentrodeartes.azores.gov.pt\/pt\/wp-json\/wp\/v2\/pages\/137","targetHints":{"allow":["GET"]}}],"collection":[{"href":"https:\/\/arquipelagocentrodeartes.azores.gov.pt\/pt\/wp-json\/wp\/v2\/pages"}],"about":[{"href":"https:\/\/arquipelagocentrodeartes.azores.gov.pt\/pt\/wp-json\/wp\/v2\/types\/page"}],"author":[{"embeddable":true,"href":"https:\/\/arquipelagocentrodeartes.azores.gov.pt\/pt\/wp-json\/wp\/v2\/users\/14"}],"replies":[{"embeddable":true,"href":"https:\/\/arquipelagocentrodeartes.azores.gov.pt\/pt\/wp-json\/wp\/v2\/comments?post=137"}],"version-history":[{"count":18,"href":"https:\/\/arquipelagocentrodeartes.azores.gov.pt\/pt\/wp-json\/wp\/v2\/pages\/137\/revisions"}],"predecessor-version":[{"id":2064,"href":"https:\/\/arquipelagocentrodeartes.azores.gov.pt\/pt\/wp-json\/wp\/v2\/pages\/137\/revisions\/2064"}],"up":[{"embeddable":true,"href":"https:\/\/arquipelagocentrodeartes.azores.gov.pt\/pt\/wp-json\/wp\/v2\/pages\/131"}],"wp:attachment":[{"href":"https:\/\/arquipelagocentrodeartes.azores.gov.pt\/pt\/wp-json\/wp\/v2\/media?parent=137"}],"curies":[{"name":"wp","href":"https:\/\/api.w.org\/{rel}","templated":true}]}}