{"id":139,"date":"2015-10-06T09:43:08","date_gmt":"2015-10-06T09:43:08","guid":{"rendered":"https:\/\/arquipelagocentrodeartes.azores.gov.pt\/?page_id=139"},"modified":"2026-02-10T17:43:11","modified_gmt":"2026-02-10T17:43:11","slug":"equipa","status":"publish","type":"page","link":"https:\/\/arquipelagocentrodeartes.azores.gov.pt\/pt\/arquipelago-2\/arquipelago\/equipa\/","title":{"rendered":"Equipa"},"content":{"rendered":"<p>Diretor | Alexandre Pascoal<\/p>\n<p>Servi\u00e7os Administrativos | Joana Santos, Ricardo Oliveira<\/p>\n<p>Gest\u00e3o Financeira | Marco Ventura, D\u00e9bora Raposo<\/p>\n<p>Produ\u00e7\u00e3o | Dalila Couto<\/p>\n<p>Comunica\u00e7\u00e3o e Design |\u00a0 Andreia Oliveira, S\u00edlvia Amaral<\/p>\n<p>Audiovisual e Multim\u00e9dia | Marco Machado, Luiz Furtado<\/p>\n<p>Museologia e Artes Visuais | Beatriz Brum, Jo\u00e3o Machado<\/p>\n<p>Biblioteca e Centro Documental | Jo\u00e3o Almeida<\/p>\n<p>Servi\u00e7o de Media\u00e7\u00e3o | Sofia Carolina Botelho<\/p>\n<p>Loja e Livraria | Sabrina Vieira, Patr\u00edcia Bento<\/p>\n<p>Rece\u00e7\u00e3o e Guardaria | Diogo Torres, Filipe Simas, Jos\u00e9 Paulo dos Santos, Leontina Rodrigues, Nuno Roque, Pedro Batista, Ricardo Ferreira<\/p>\n<p>Edif\u00edcio, Equipamentos e Museografia | Raquel Teves, Carlos Fontes, Lu\u00eds Bettencourt Reis<\/p>\n<p>Manuten\u00e7\u00e3o e Montagens | Diogo Daniel, Jo\u00e3o Marques, Jo\u00e3o Silva<\/p>","protected":false},"excerpt":{"rendered":"<p>Diretor | Alexandre Pascoal Servi\u00e7os Administrativos | Joana Santos, Ricardo Oliveira Gest\u00e3o Financeira | Marco Ventura, D\u00e9bora Raposo Produ\u00e7\u00e3o | Dalila Couto Comunica\u00e7\u00e3o e Design |\u00a0 Andreia Oliveira, S\u00edlvia Amaral Audiovisual e Multim\u00e9dia | Marco Machado, Luiz Furtado Museologia e Artes Visuais | Beatriz Brum, Jo\u00e3o Machado Biblioteca e Centro Documental | Jo\u00e3o Almeida Servi\u00e7o [&hellip;]<\/p>\n","protected":false},"author":14,"featured_media":0,"parent":131,"menu_order":0,"comment_status":"closed","ping_status":"closed","template":"","meta":{"_acf_changed":false,"_monsterinsights_skip_tracking":false,"_monsterinsights_sitenote_active":false,"_monsterinsights_sitenote_note":"","_monsterinsights_sitenote_category":0,"_uf_show_specific_survey":0,"_uf_disable_surveys":false,"footnotes":""},"class_list":["post-139","page","type-page","status-publish","hentry"],"acf":[],"_links":{"self":[{"href":"https:\/\/arquipelagocentrodeartes.azores.gov.pt\/pt\/wp-json\/wp\/v2\/pages\/139","targetHints":{"allow":["GET"]}}],"collection":[{"href":"https:\/\/arquipelagocentrodeartes.azores.gov.pt\/pt\/wp-json\/wp\/v2\/pages"}],"about":[{"href":"https:\/\/arquipelagocentrodeartes.azores.gov.pt\/pt\/wp-json\/wp\/v2\/types\/page"}],"author":[{"embeddable":true,"href":"https:\/\/arquipelagocentrodeartes.azores.gov.pt\/pt\/wp-json\/wp\/v2\/users\/14"}],"replies":[{"embeddable":true,"href":"https:\/\/arquipelagocentrodeartes.azores.gov.pt\/pt\/wp-json\/wp\/v2\/comments?post=139"}],"version-history":[{"count":63,"href":"https:\/\/arquipelagocentrodeartes.azores.gov.pt\/pt\/wp-json\/wp\/v2\/pages\/139\/revisions"}],"predecessor-version":[{"id":12850,"href":"https:\/\/arquipelagocentrodeartes.azores.gov.pt\/pt\/wp-json\/wp\/v2\/pages\/139\/revisions\/12850"}],"up":[{"embeddable":true,"href":"https:\/\/arquipelagocentrodeartes.azores.gov.pt\/pt\/wp-json\/wp\/v2\/pages\/131"}],"wp:attachment":[{"href":"https:\/\/arquipelagocentrodeartes.azores.gov.pt\/pt\/wp-json\/wp\/v2\/media?parent=139"}],"curies":[{"name":"wp","href":"https:\/\/api.w.org\/{rel}","templated":true}]}}