{"id":161,"date":"2015-10-06T09:59:14","date_gmt":"2015-10-06T09:59:14","guid":{"rendered":"https:\/\/arquipelagocentrodeartes.azores.gov.pt\/?page_id=161"},"modified":"2016-02-04T16:21:15","modified_gmt":"2016-02-04T16:21:15","slug":"espacos","status":"publish","type":"page","link":"https:\/\/arquipelagocentrodeartes.azores.gov.pt\/pt\/residencias-artisticas\/espacos\/","title":{"rendered":"Espa\u00e7os"},"content":{"rendered":"<p>As resid\u00eancias art\u00edsticas poder\u00e3o decorrer no edif\u00edcio C destinado a qualquer tipo de cria\u00e7\u00e3o art\u00edstica (artes visuais, arquitetura, artes performativas, cinema, design, multim\u00e9dia, m\u00fasica, literatura e moda); na Blackbox, mas apenas para projetos direcionados.<\/p>\n<p>&nbsp;<\/p>\n<p><strong>EDIFICIO C<\/strong><\/p>\n<p>Edif\u00edcio pr\u00e9-existente que faz liga\u00e7\u00e3o com o Edif\u00edcio Expositivo, onde foi aproveitado o seu espa\u00e7o amplo e p\u00e9 direito elevado ao atual conceito de espa\u00e7o experimental para a cria\u00e7\u00e3o art\u00edstica. Este espa\u00e7o corresponde \u00e0s necessidades e exig\u00eancias das resid\u00eancias art\u00edsticas, j\u00e1 que as mesmas respondem a determinadas especificidades espaciais, funcionais e t\u00e9cnicas, as quais permitem aos artistas\/criadores (nas suas m\u00faltiplas facetas) uma apropria\u00e7\u00e3o do edif\u00edcio como bem o entenderem.<\/p>\n<p>A \u00e1rea\/zona das resid\u00eancias art\u00edsticas surge como um espa\u00e7o polivalente e como uma antec\u00e2mara de entrada neste Centro de Artes, onde a ocupa\u00e7\u00e3o do espa\u00e7o em resid\u00eancias art\u00edsticas, pretende incentivar e fomentar a troca de experi\u00eancias e conhecimento entre os artistas e a comunidade local, fomentando o desenvolvimento social, para al\u00e9m de projetar ou estabelecer rela\u00e7\u00f5es entre as artes e a cultural local. Este espa\u00e7o responde a uma das quest\u00f5es estruturantes ao n\u00edvel da estrat\u00e9gia deste equipamento cultural: a forma\u00e7\u00e3o, uma vez que permite que o p\u00fablico possa interagir com o processo criativo, e antever as actividades que poder\u00e1 proporcionar o Centro.<\/p>\n<p>As Resid\u00eancias Art\u00edsticas inserem-se na programa\u00e7\u00e3o cultural desenvolvida pelo ARQUIP\u00c9LAGO completando outros projetos e atividades exercidas no Centro, tal como as exposi\u00e7\u00f5es tempor\u00e1rios e servi\u00e7os educativos que poder\u00e3o decorrer no edif\u00edcio C destinado a qualquer tipo de projeto art\u00edstico. Na Blackbox ou Servi\u00e7o Educativo os projetos criativos apresentados t\u00eam de a ser analisados.<\/p>\n<p>&nbsp;<\/p>\n<p><strong>CARACTER\u00cdSTICAS T\u00c9CNICAS<\/strong><\/p>\n<p>O espa\u00e7o pensado apenas para as Resid\u00eancias Art\u00edsticas possui as seguintes caracter\u00edsticas:<\/p>\n<ul>\n<li>\u00c1rea Total: 330.98 m2 (espa\u00e7o C.0.03 \u2013 178.46 m2; espa\u00e7o C.O.O2 \u2013 152.52 m2);<\/li>\n<li>Medidas \u2013 espa\u00e7o C.O.O3 : 19.28 m x 9.37 m; espa\u00e7o C.0.02: 12.19 m x 10.44 m);<\/li>\n<li>P\u00e9-direito \u2013 6.74 m (at\u00e9 \u00e0 trave horizontal) \u2013 9.51 m (at\u00e9 ao ponto mais alto da cobertura inclinada)<\/li>\n<li>O pavimento \u00e9 composto por: calhas t\u00e9cnicas com 3 caixas t\u00e9cnicas, sendo que cada uma tem 3 tomadas e 2 pontos de rede.<\/li>\n<li>Ao longo da parede existem no total 7 tomadas, sendo que 2 delas ficam por cima de uma bancada com tampo revestido a inox, com pia e um ponto de \u00e1gua;<\/li>\n<li>As quest\u00f5es t\u00e9cnicas do espa\u00e7o e equipamento el\u00e9trico a utilizar, dever\u00e3o ser sempre discutidas com a produ\u00e7\u00e3o e com respons\u00e1vel pelo edif\u00edcio e equipamentos.<\/li>\n<\/ul>\n<p>&nbsp;<\/p>\n<p><strong>BLACKBOX<\/strong><\/p>\n<p>Sala para projetos art\u00edsticos e culturais espec\u00edficos.<\/p>\n<p>O funcionamento da Blackbox est\u00e1 sob a responsabilidade do Arquip\u00e9lago \u2013 Centro de Artes Contempor\u00e2neas, atrav\u00e9s da equipa de Produ\u00e7\u00e3o, da equipa de Audiovisual e Multim\u00e9dia, do respons\u00e1vel pelo Edif\u00edcio e Equipamentos, com a parceria da equipa t\u00e9cnica do Teatro Micaelense.<\/p>\n<p>&nbsp;<\/p>\n<p><strong>CARACTER\u00cdSTICAS T\u00c9CNICAS<\/strong><\/p>\n<p>A sala de espect\u00e1culos situa-se numa zona central em rela\u00e7\u00e3o ao <em>foyer<\/em> e entrada de artistas e t\u00e9cnicos, existindo dois camarins coletivos (capacidade para 8 artistas cada) nos pisos 1 e 2, e dois espa\u00e7os de usufruto dos artistas, tendo um deles um terra\u00e7o onde estes podem confraternizar e descontrair, antes e ap\u00f3s a entrada de cena.<\/p>\n<p>A Blackbox apresenta uma tipologia que dilui a fronteira entre o espetador\/observador e o artista, colocando-os no mesmo espa\u00e7o, questionando a fronteira cl\u00e1ssica de palco\/plateia. Por outro lado a sua forma arquitet\u00f3nica aberta para o p\u00e1tio central acentua a sua voca\u00e7\u00e3o quase que de \u201cmultiusos\u201d, aproximando-o mais da ideia de um espa\u00e7o vivencial do que de um espa\u00e7o de \u201cfic\u00e7\u00e3o\u201d (caracter\u00edstica convencional de espa\u00e7o teatral). Este \u00e9 um espa\u00e7o que procura atenuar as fronteiras entre a cria\u00e7\u00e3o art\u00edstica e o quotidiano do espa\u00e7o coletivo e flexibilidade na sua configura\u00e7\u00e3o, de modo a responder \u00e0 polival\u00eancia, que por exemplo as artes performativas hoje exigem, capaz de produzir espa\u00e7os distintos conforme as solicita\u00e7\u00f5es funcionais.<\/p>\n<p>A morfologia desta estrutura consiste numa disposi\u00e7\u00e3o rectangular em planta, integrando no seu interior dois pisos, correspondendo ao passadi\u00e7o met\u00e1lico e falsa teia. A localiza\u00e7\u00e3o do palco n\u00e3o est\u00e1 pr\u00e9-definida, tal como a disposi\u00e7\u00e3o dos lugares para o p\u00fablico apresenta uma grande flexibilidade, prevendo-se a utiliza\u00e7\u00e3o de cadeiras montadas sobre pratic\u00e1veis m\u00f3veis manuais, que permitem v\u00e1rias combina\u00e7\u00f5es e diferentes formas de organiza\u00e7\u00e3o do espa\u00e7o. Este espa\u00e7o modul\u00e1vel adapta-se em fun\u00e7\u00e3o de cada espect\u00e1culo, atrav\u00e9s da combina\u00e7\u00e3o e adi\u00e7\u00e3o de equipamentos m\u00f3veis localizados no ch\u00e3o e no teto com possibilidade de montagem e desmontagens f\u00e1ceis.<\/p>\n<p>&nbsp;<\/p>\n<p><strong>CONFIGURA\u00c7\u00d5ES C\u00c9NICAS<\/strong><\/p>\n<ul>\n<li>\u00c1rea \u2013 263 m2;<\/li>\n<li>Medidas \u2013 18.32 m x 13.98 m;<\/li>\n<li>Altura do teto t\u00e9cnico \u2013 4.35 m (com as quarteladas ao mesmo n\u00edvel da cota de entrada), 5.35 m (com as quarteladas descidas ao m\u00e1ximo).<\/li>\n<\/ul>\n<p>&nbsp;<\/p>\n<p><strong>MAQUINARIA DE CENA<\/strong><\/p>\n<ul>\n<li>36 quarteladas de 2&#215;2 m com sistema de eleva\u00e7\u00e3o de 20 em 20 cm at\u00e9 100 cm de altura;<\/li>\n<li>9 quarteladas de 2&#215;4 m com sistema de eleva\u00e7\u00e3o de 20 em 20 cm at\u00e9 100cm de altura;<\/li>\n<li>68 pratic\u00e1veis 2&#215;1 cm com regula\u00e7\u00e3o de 20 em 20 cm at\u00e9 100 cm de altura;<\/li>\n<li>45 varas contrapesadas que cobrem toda a \u00e1rea do espa\u00e7o (263 m2), que suspendem o equipamento que dar\u00e1 forma a diferentes cen\u00e1rios tem\u00e1ticos (<em>rack de dimmer<\/em> para coloca\u00e7\u00e3o de projetores, tela, ciclorama, cortina de cena, cen\u00e1rios, etc.)<\/li>\n<\/ul>\n<p><\/p>","protected":false},"excerpt":{"rendered":"<p>As resid\u00eancias art\u00edsticas poder\u00e3o decorrer no edif\u00edcio C destinado a qualquer tipo de cria\u00e7\u00e3o art\u00edstica (artes visuais, arquitetura, artes performativas, cinema, design, multim\u00e9dia, m\u00fasica, literatura e moda); na Blackbox, mas apenas para projetos direcionados. &nbsp; EDIFICIO C Edif\u00edcio pr\u00e9-existente que faz liga\u00e7\u00e3o com o Edif\u00edcio Expositivo, onde foi aproveitado o seu espa\u00e7o amplo e p\u00e9 [&hellip;]<\/p>\n","protected":false},"author":14,"featured_media":0,"parent":157,"menu_order":0,"comment_status":"closed","ping_status":"closed","template":"","meta":{"_acf_changed":false,"_monsterinsights_skip_tracking":false,"_monsterinsights_sitenote_active":false,"_monsterinsights_sitenote_note":"","_monsterinsights_sitenote_category":0,"_uf_show_specific_survey":0,"_uf_disable_surveys":false,"footnotes":""},"class_list":["post-161","page","type-page","status-publish","hentry"],"acf":[],"_links":{"self":[{"href":"https:\/\/arquipelagocentrodeartes.azores.gov.pt\/pt\/wp-json\/wp\/v2\/pages\/161","targetHints":{"allow":["GET"]}}],"collection":[{"href":"https:\/\/arquipelagocentrodeartes.azores.gov.pt\/pt\/wp-json\/wp\/v2\/pages"}],"about":[{"href":"https:\/\/arquipelagocentrodeartes.azores.gov.pt\/pt\/wp-json\/wp\/v2\/types\/page"}],"author":[{"embeddable":true,"href":"https:\/\/arquipelagocentrodeartes.azores.gov.pt\/pt\/wp-json\/wp\/v2\/users\/14"}],"replies":[{"embeddable":true,"href":"https:\/\/arquipelagocentrodeartes.azores.gov.pt\/pt\/wp-json\/wp\/v2\/comments?post=161"}],"version-history":[{"count":6,"href":"https:\/\/arquipelagocentrodeartes.azores.gov.pt\/pt\/wp-json\/wp\/v2\/pages\/161\/revisions"}],"predecessor-version":[{"id":2082,"href":"https:\/\/arquipelagocentrodeartes.azores.gov.pt\/pt\/wp-json\/wp\/v2\/pages\/161\/revisions\/2082"}],"up":[{"embeddable":true,"href":"https:\/\/arquipelagocentrodeartes.azores.gov.pt\/pt\/wp-json\/wp\/v2\/pages\/157"}],"wp:attachment":[{"href":"https:\/\/arquipelagocentrodeartes.azores.gov.pt\/pt\/wp-json\/wp\/v2\/media?parent=161"}],"curies":[{"name":"wp","href":"https:\/\/api.w.org\/{rel}","templated":true}]}}