{"id":2,"date":"2015-09-28T17:37:55","date_gmt":"2015-09-28T17:37:55","guid":{"rendered":"https:\/\/arquipelagocentrodeartes.azores.gov.pt\/?page_id=2"},"modified":"2026-02-27T18:07:34","modified_gmt":"2026-02-27T18:07:34","slug":"contactos","status":"publish","type":"page","link":"https:\/\/arquipelagocentrodeartes.azores.gov.pt\/pt\/info-uteis\/contactos\/","title":{"rendered":"Contactos"},"content":{"rendered":"<p><strong>Morada<\/strong><\/p>\n<div class=\"textwidget\">\n<p>Rua Adolfo Coutinho de Medeiros s\/n<\/p>\n<p>9600 &#8211; 516 Ribeira Grande<\/p>\n<p>S\u00e3o Miguel &#8211; A\u00e7ores<\/p>\n<p>&nbsp;<\/p>\n<\/div>\n<p><strong>Contato Telef\u00f3nico<\/strong><\/p>\n<p>+351 296 470 130<\/p>\n<p>&nbsp;<\/p>\n<p><strong>E-mail<\/strong><\/p>\n<p><strong>Geral<\/strong> | geral-arquipelagocentrodeartes.cultura@azores.gov.pt<\/p>\n<p><strong>Eventos, inscri\u00e7\u00f5es em atividades e bilheteira<\/strong> | arquipelagocentrodeartes@azores.gov.pt<\/p>\n<p><strong>Biblioteca e Centro Documental<\/strong> | biblioteca-centroartes@azores.gov.pt<\/p>","protected":false},"excerpt":{"rendered":"<p>Morada Rua Adolfo Coutinho de Medeiros s\/n 9600 &#8211; 516 Ribeira Grande S\u00e3o Miguel &#8211; A\u00e7ores &nbsp; Contato Telef\u00f3nico +351 296 470 130 &nbsp; E-mail Geral | geral-arquipelagocentrodeartes.cultura@azores.gov.pt Eventos, inscri\u00e7\u00f5es em atividades e bilheteira | arquipelagocentrodeartes@azores.gov.pt Biblioteca e Centro Documental | biblioteca-centroartes@azores.gov.pt<\/p>\n","protected":false},"author":14,"featured_media":0,"parent":21,"menu_order":0,"comment_status":"closed","ping_status":"open","template":"","meta":{"_acf_changed":false,"_monsterinsights_skip_tracking":false,"_monsterinsights_sitenote_active":false,"_monsterinsights_sitenote_note":"","_monsterinsights_sitenote_category":0,"_uf_show_specific_survey":0,"_uf_disable_surveys":false,"footnotes":""},"class_list":["post-2","page","type-page","status-publish","hentry"],"acf":[],"_links":{"self":[{"href":"https:\/\/arquipelagocentrodeartes.azores.gov.pt\/pt\/wp-json\/wp\/v2\/pages\/2","targetHints":{"allow":["GET"]}}],"collection":[{"href":"https:\/\/arquipelagocentrodeartes.azores.gov.pt\/pt\/wp-json\/wp\/v2\/pages"}],"about":[{"href":"https:\/\/arquipelagocentrodeartes.azores.gov.pt\/pt\/wp-json\/wp\/v2\/types\/page"}],"author":[{"embeddable":true,"href":"https:\/\/arquipelagocentrodeartes.azores.gov.pt\/pt\/wp-json\/wp\/v2\/users\/14"}],"replies":[{"embeddable":true,"href":"https:\/\/arquipelagocentrodeartes.azores.gov.pt\/pt\/wp-json\/wp\/v2\/comments?post=2"}],"version-history":[{"count":24,"href":"https:\/\/arquipelagocentrodeartes.azores.gov.pt\/pt\/wp-json\/wp\/v2\/pages\/2\/revisions"}],"predecessor-version":[{"id":12883,"href":"https:\/\/arquipelagocentrodeartes.azores.gov.pt\/pt\/wp-json\/wp\/v2\/pages\/2\/revisions\/12883"}],"up":[{"embeddable":true,"href":"https:\/\/arquipelagocentrodeartes.azores.gov.pt\/pt\/wp-json\/wp\/v2\/pages\/21"}],"wp:attachment":[{"href":"https:\/\/arquipelagocentrodeartes.azores.gov.pt\/pt\/wp-json\/wp\/v2\/media?parent=2"}],"curies":[{"name":"wp","href":"https:\/\/api.w.org\/{rel}","templated":true}]}}