{"id":24,"date":"2015-09-29T17:31:10","date_gmt":"2015-09-29T17:31:10","guid":{"rendered":"https:\/\/arquipelagocentrodeartes.azores.gov.pt\/?page_id=24"},"modified":"2023-04-20T12:23:40","modified_gmt":"2023-04-20T12:23:40","slug":"tarifarios","status":"publish","type":"page","link":"https:\/\/arquipelagocentrodeartes.azores.gov.pt\/pt\/info-uteis\/tarifarios\/","title":{"rendered":"Tarif\u00e1rios"},"content":{"rendered":"<p><strong>Ingresso edif\u00edcio\/ exposi\u00e7\u00e3o<\/strong><\/p>\n<ul>\n<li>3\u20ac<\/li>\n<\/ul>\n<p>&nbsp;<\/p>\n<p><strong>ENTRADA LIVRE<\/strong><\/p>\n<ul>\n<li>Domingos;<\/li>\n<li>Dia Internacional dos Museus (18 Maio);<\/li>\n<li>Crian\u00e7as at\u00e9 14 anos;<\/li>\n<li>Portadores de Cart\u00e3o Interjovem;<\/li>\n<li>Membros da APOM\/ICOM, mediante comprova\u00e7\u00e3o documental;<\/li>\n<li>Investigadores, mediante requerimento pr\u00f3prio;<\/li>\n<li>Jornalistas e profissionais de turismo, no desempenho das suas fun\u00e7\u00f5es devidamente identificados;<\/li>\n<li>Professores e alunos de qualquer grau de ensino, e IPSS desde que integrados em visitas de estudo programadas com os servi\u00e7os do Arquip\u00e9lago;<\/li>\n<li>Mecenas, no respetivo museu;<\/li>\n<li>Funcion\u00e1rios da DRaC e servi\u00e7os dependentes da DRaC;<\/li>\n<li>Em dia \u00fatil aquando da realiza\u00e7\u00e3o de atividades de extens\u00e3o cultural, permitindo apenas o acesso \u00e0s respetivas \u00e1reas.<\/li>\n<\/ul>\n<p>&nbsp;<\/p>\n<p><strong>DESCONTOS 50%<\/strong><\/p>\n<ul>\n<li>Portadores de Cart\u00e3o-jovem;<\/li>\n<li>Jovens entre os 15 e os 25 anos de idade;<\/li>\n<li>Reformados, aposentados e pessoas com mais de 65 anos de idade;<\/li>\n<li>Docentes de qualquer grau de ensino.<\/li>\n<\/ul>\n<p><\/p>","protected":false},"excerpt":{"rendered":"<p>Ingresso edif\u00edcio\/ exposi\u00e7\u00e3o 3\u20ac &nbsp; ENTRADA LIVRE Domingos; Dia Internacional dos Museus (18 Maio); Crian\u00e7as at\u00e9 14 anos; Portadores de Cart\u00e3o Interjovem; Membros da APOM\/ICOM, mediante comprova\u00e7\u00e3o documental; Investigadores, mediante requerimento pr\u00f3prio; Jornalistas e profissionais de turismo, no desempenho das suas fun\u00e7\u00f5es devidamente identificados; Professores e alunos de qualquer grau de ensino, e IPSS desde [&hellip;]<\/p>\n","protected":false},"author":14,"featured_media":0,"parent":21,"menu_order":0,"comment_status":"closed","ping_status":"closed","template":"","meta":{"_acf_changed":false,"_monsterinsights_skip_tracking":false,"_monsterinsights_sitenote_active":false,"_monsterinsights_sitenote_note":"","_monsterinsights_sitenote_category":0,"_uf_show_specific_survey":0,"_uf_disable_surveys":false,"footnotes":""},"class_list":["post-24","page","type-page","status-publish","hentry"],"acf":[],"_links":{"self":[{"href":"https:\/\/arquipelagocentrodeartes.azores.gov.pt\/pt\/wp-json\/wp\/v2\/pages\/24","targetHints":{"allow":["GET"]}}],"collection":[{"href":"https:\/\/arquipelagocentrodeartes.azores.gov.pt\/pt\/wp-json\/wp\/v2\/pages"}],"about":[{"href":"https:\/\/arquipelagocentrodeartes.azores.gov.pt\/pt\/wp-json\/wp\/v2\/types\/page"}],"author":[{"embeddable":true,"href":"https:\/\/arquipelagocentrodeartes.azores.gov.pt\/pt\/wp-json\/wp\/v2\/users\/14"}],"replies":[{"embeddable":true,"href":"https:\/\/arquipelagocentrodeartes.azores.gov.pt\/pt\/wp-json\/wp\/v2\/comments?post=24"}],"version-history":[{"count":10,"href":"https:\/\/arquipelagocentrodeartes.azores.gov.pt\/pt\/wp-json\/wp\/v2\/pages\/24\/revisions"}],"predecessor-version":[{"id":11705,"href":"https:\/\/arquipelagocentrodeartes.azores.gov.pt\/pt\/wp-json\/wp\/v2\/pages\/24\/revisions\/11705"}],"up":[{"embeddable":true,"href":"https:\/\/arquipelagocentrodeartes.azores.gov.pt\/pt\/wp-json\/wp\/v2\/pages\/21"}],"wp:attachment":[{"href":"https:\/\/arquipelagocentrodeartes.azores.gov.pt\/pt\/wp-json\/wp\/v2\/media?parent=24"}],"curies":[{"name":"wp","href":"https:\/\/api.w.org\/{rel}","templated":true}]}}