{"id":507,"date":"2015-10-15T09:41:06","date_gmt":"2015-10-15T09:41:06","guid":{"rendered":"https:\/\/arquipelagocentrodeartes.azores.gov.pt\/?page_id=507"},"modified":"2025-10-02T11:52:37","modified_gmt":"2025-10-02T11:52:37","slug":"servicos-mediacao","status":"publish","type":"page","link":"https:\/\/arquipelagocentrodeartes.azores.gov.pt\/pt\/formacao-educacao\/servicos-mediacao\/","title":{"rendered":"Servi\u00e7o de Media\u00e7\u00e3o"},"content":{"rendered":"<p><strong>Servi\u00e7o de Media\u00e7\u00e3o\u00a0<\/strong><\/p>\n<p>O objetivo deste Servi\u00e7o \u00e9 o de pensar, programar e dinamizar estrat\u00e9gias e atividades que coloquem em contato p\u00fablicos e a programa\u00e7\u00e3o do Arquip\u00e9lago &#8211; Centro de Artes Contempor\u00e2neas.<\/p>\n<p>Considerando a diversidade de pessoas que nos visitam, diferenciadas por faixas et\u00e1rias e necessidades espec\u00edficas, as atividades desenvolvidas consideram as suas caracter\u00edsticas. Isto significa que assumimos que os nossos p\u00fablicos n\u00e3o s\u00e3o apenas pessoas ligadas ao setor cultural e art\u00edstico, mas de v\u00e1rias \u00e1reas, com v\u00e1rios interesses e com diferentes formas de ver o mundo.<\/p>\n<p>Conversas, visitas guiadas, oficinas, palestras, semin\u00e1rios, encontros, s\u00e3o alguns exemplos das atividades propostas pelo Servi\u00e7o de Media\u00e7\u00e3o, tendo sempre em considera\u00e7\u00e3o a miss\u00e3o e objetivos do Programa deste Centro, incentivando momentos de di\u00e1logo, troca e de produ\u00e7\u00e3o de conhecimento.<\/p>\n<p>No fundo, o que este Servi\u00e7o oferece \u00e9 um convite. Um convite para que juntos, possamos pensar, explorar, questionar e criar, tendo a Arte como base, porque ela n\u00e3o \u00e9 s\u00f3 um reflexo do mundo em que vivemos, mas tamb\u00e9m daquilo que o mundo pode ser.<\/p>\n<p style=\"text-align: center;\"><span style=\"font-size: 12pt; color: #333399; background-color: #00ffff;\"><a style=\"color: #333399; background-color: #00ffff;\" href=\"https:\/\/arquipelagocentrodeartes.azores.gov.pt\/wp-content\/uploads\/2025\/10\/Oferta-Letiva-25_26.pdf\"><span style=\"font-family: helvetica, arial, sans-serif;\"><b>PROGRAMA MEDIA\u00c7\u00c3O 25\/26<\/b><\/span><\/a><\/span><\/p>\n<p>&nbsp;<\/p>\n<p>&nbsp;<\/p>\n<p>&nbsp;<\/p>","protected":false},"excerpt":{"rendered":"<p>Servi\u00e7o de Media\u00e7\u00e3o\u00a0 O objetivo deste Servi\u00e7o \u00e9 o de pensar, programar e dinamizar estrat\u00e9gias e atividades que coloquem em contato p\u00fablicos e a programa\u00e7\u00e3o do Arquip\u00e9lago &#8211; Centro de Artes Contempor\u00e2neas. Considerando a diversidade de pessoas que nos visitam, diferenciadas por faixas et\u00e1rias e necessidades espec\u00edficas, as atividades desenvolvidas consideram as suas caracter\u00edsticas. Isto [&hellip;]<\/p>\n","protected":false},"author":14,"featured_media":12657,"parent":143,"menu_order":0,"comment_status":"closed","ping_status":"closed","template":"","meta":{"_acf_changed":false,"_monsterinsights_skip_tracking":false,"_monsterinsights_sitenote_active":false,"_monsterinsights_sitenote_note":"","_monsterinsights_sitenote_category":0,"_uf_show_specific_survey":0,"_uf_disable_surveys":false,"footnotes":""},"class_list":["post-507","page","type-page","status-publish","has-post-thumbnail","hentry"],"acf":[],"_links":{"self":[{"href":"https:\/\/arquipelagocentrodeartes.azores.gov.pt\/pt\/wp-json\/wp\/v2\/pages\/507","targetHints":{"allow":["GET"]}}],"collection":[{"href":"https:\/\/arquipelagocentrodeartes.azores.gov.pt\/pt\/wp-json\/wp\/v2\/pages"}],"about":[{"href":"https:\/\/arquipelagocentrodeartes.azores.gov.pt\/pt\/wp-json\/wp\/v2\/types\/page"}],"author":[{"embeddable":true,"href":"https:\/\/arquipelagocentrodeartes.azores.gov.pt\/pt\/wp-json\/wp\/v2\/users\/14"}],"replies":[{"embeddable":true,"href":"https:\/\/arquipelagocentrodeartes.azores.gov.pt\/pt\/wp-json\/wp\/v2\/comments?post=507"}],"version-history":[{"count":73,"href":"https:\/\/arquipelagocentrodeartes.azores.gov.pt\/pt\/wp-json\/wp\/v2\/pages\/507\/revisions"}],"predecessor-version":[{"id":12699,"href":"https:\/\/arquipelagocentrodeartes.azores.gov.pt\/pt\/wp-json\/wp\/v2\/pages\/507\/revisions\/12699"}],"up":[{"embeddable":true,"href":"https:\/\/arquipelagocentrodeartes.azores.gov.pt\/pt\/wp-json\/wp\/v2\/pages\/143"}],"wp:featuredmedia":[{"embeddable":true,"href":"https:\/\/arquipelagocentrodeartes.azores.gov.pt\/pt\/wp-json\/wp\/v2\/media\/12657"}],"wp:attachment":[{"href":"https:\/\/arquipelagocentrodeartes.azores.gov.pt\/pt\/wp-json\/wp\/v2\/media?parent=507"}],"curies":[{"name":"wp","href":"https:\/\/api.w.org\/{rel}","templated":true}]}}