{"id":539,"date":"2015-10-15T09:54:36","date_gmt":"2015-10-15T09:54:36","guid":{"rendered":"https:\/\/arquipelagocentrodeartes.azores.gov.pt\/?page_id=539"},"modified":"2024-10-25T12:16:40","modified_gmt":"2024-10-25T12:16:40","slug":"mecenas-apoios","status":"publish","type":"page","link":"https:\/\/arquipelagocentrodeartes.azores.gov.pt\/pt\/arquipelago-2\/mecenas-apoios\/","title":{"rendered":"Institucional"},"content":{"rendered":"<p>O projeto digital \u201cDa Sombra ao Cravo \u2013 O 25 de Abril pelos Olhos do Patrim\u00f3nio Cultural\u201d \u00e9 uma iniciativa da Dire\u00e7\u00e3o Regional da Cultura que compreende uma aplica\u00e7\u00e3o para telem\u00f3vel e uma publica\u00e7\u00e3o em formato digital, dispon\u00edveis no portal Cultura A\u00e7ores.<\/p>\n<p>Constitui um recurso educativo n\u00e3o formal e pretende, atrav\u00e9s de uma sele\u00e7\u00e3o de pe\u00e7as e documentos, nem sempre acess\u00edveis ao p\u00fablico, pertencentes aos Servi\u00e7os de Promo\u00e7\u00e3o Cultural (oito museus, um ecomuseu, tr\u00eas bibliotecas e arquivos regionais, um centro de artes), contar a hist\u00f3ria dos principais acontecimentos pol\u00edticos do s\u00e9culo XX, que conduziram ao 25 de Abril.<\/p>\n<p>Resultando da investiga\u00e7\u00e3o efetuada por estes Servi\u00e7os e disponibilizada nas plataformas de acesso p\u00fablico (CCM \u2013 Cat\u00e1logo Coletivo de Museus, Koha e Archeevo), este trabalho vai tamb\u00e9m ao encontro da tem\u00e1tica escolhida pelo ICOM \u2013 International Councilof Museums para 2024, a saber, \u201cMuseus para a Educa\u00e7\u00e3o e Investiga\u00e7\u00e3o\u201d.<\/p>\n<p>Identificando-se a Implanta\u00e7\u00e3o da Rep\u00fablica com a primeira data marcante da narrativa contada em \u201cDa Sombra ao Cravo \u2013 O 25 de Abril pelos Olhos do Patrim\u00f3nio Cultural\u201d, foi tamb\u00e9m esta a efem\u00e9ride escolhida para a apresenta\u00e7\u00e3o do referido projeto.<\/p>\n<p>Link: <span style=\"text-decoration: underline;\"><a href=\"http:\/\/Da Sombra ao Cravo \u2013 O 25 de Abril pelos Olhos do Patrim\u00f3nio Cultural\"><span class=\"current\">Da Sombra ao Cravo \u2013 O 25 de Abril pelos Olhos do Patrim\u00f3nio Cultural<\/span><\/a><\/span><\/p>\n<p>&nbsp;<\/p>\n<p>&nbsp;<\/p>","protected":false},"excerpt":{"rendered":"<p>O projeto digital \u201cDa Sombra ao Cravo \u2013 O 25 de Abril pelos Olhos do Patrim\u00f3nio Cultural\u201d \u00e9 uma iniciativa da Dire\u00e7\u00e3o Regional da Cultura que compreende uma aplica\u00e7\u00e3o para telem\u00f3vel e uma publica\u00e7\u00e3o em formato digital, dispon\u00edveis no portal Cultura A\u00e7ores. Constitui um recurso educativo n\u00e3o formal e pretende, atrav\u00e9s de uma sele\u00e7\u00e3o de [&hellip;]<\/p>\n","protected":false},"author":14,"featured_media":12168,"parent":534,"menu_order":0,"comment_status":"closed","ping_status":"closed","template":"","meta":{"_acf_changed":false,"_monsterinsights_skip_tracking":false,"_monsterinsights_sitenote_active":false,"_monsterinsights_sitenote_note":"","_monsterinsights_sitenote_category":0,"_uf_show_specific_survey":0,"_uf_disable_surveys":false,"footnotes":""},"class_list":["post-539","page","type-page","status-publish","has-post-thumbnail","hentry"],"acf":[],"_links":{"self":[{"href":"https:\/\/arquipelagocentrodeartes.azores.gov.pt\/pt\/wp-json\/wp\/v2\/pages\/539","targetHints":{"allow":["GET"]}}],"collection":[{"href":"https:\/\/arquipelagocentrodeartes.azores.gov.pt\/pt\/wp-json\/wp\/v2\/pages"}],"about":[{"href":"https:\/\/arquipelagocentrodeartes.azores.gov.pt\/pt\/wp-json\/wp\/v2\/types\/page"}],"author":[{"embeddable":true,"href":"https:\/\/arquipelagocentrodeartes.azores.gov.pt\/pt\/wp-json\/wp\/v2\/users\/14"}],"replies":[{"embeddable":true,"href":"https:\/\/arquipelagocentrodeartes.azores.gov.pt\/pt\/wp-json\/wp\/v2\/comments?post=539"}],"version-history":[{"count":14,"href":"https:\/\/arquipelagocentrodeartes.azores.gov.pt\/pt\/wp-json\/wp\/v2\/pages\/539\/revisions"}],"predecessor-version":[{"id":12223,"href":"https:\/\/arquipelagocentrodeartes.azores.gov.pt\/pt\/wp-json\/wp\/v2\/pages\/539\/revisions\/12223"}],"up":[{"embeddable":true,"href":"https:\/\/arquipelagocentrodeartes.azores.gov.pt\/pt\/wp-json\/wp\/v2\/pages\/534"}],"wp:featuredmedia":[{"embeddable":true,"href":"https:\/\/arquipelagocentrodeartes.azores.gov.pt\/pt\/wp-json\/wp\/v2\/media\/12168"}],"wp:attachment":[{"href":"https:\/\/arquipelagocentrodeartes.azores.gov.pt\/pt\/wp-json\/wp\/v2\/media?parent=539"}],"curies":[{"name":"wp","href":"https:\/\/api.w.org\/{rel}","templated":true}]}}