{"id":547,"date":"2015-10-15T09:56:11","date_gmt":"2015-10-15T09:56:11","guid":{"rendered":"https:\/\/arquipelagocentrodeartes.azores.gov.pt\/?page_id=547"},"modified":"2016-02-03T18:34:02","modified_gmt":"2016-02-03T18:34:02","slug":"projeto-arquitetonico","status":"publish","type":"page","link":"https:\/\/arquipelagocentrodeartes.azores.gov.pt\/pt\/arquipelago-2\/centro-de-artes\/projeto-arquitetonico\/","title":{"rendered":"Projeto Arquitet\u00f3nico"},"content":{"rendered":"<p>ARQUIP\u00c9LAGO \u2013 CENTRO DE ARTES CONTEMPOR\u00c2NEAS<br \/>\nprojeto em coautoria: Francisco Vieira de Campos, Cristina Guedes + Jo\u00e3o Mendes Ribeiro<br \/>\n2007-2014<\/p>\n<p>O desenho do Arquip\u00e9lago \u2013 Centro de Artes Contempor\u00e2neas mant\u00e9m o car\u00e1cter industrial do conjunto e tematiza o di\u00e1logo entre uma constru\u00e7\u00e3o existente (antiga f\u00e1brica do \u00e1lcool | tabaco) e novas constru\u00e7\u00f5es (f\u00e1brica da cultura | produ\u00e7\u00e3o de arte, reservas, sala multiusos | artes performativas, oficinas, laborat\u00f3rios, est\u00fadios-ateliers de artistas).<\/p>\n<p>O projeto n\u00e3o exagera a diferen\u00e7a entre as antigas e as novas constru\u00e7\u00f5es. Antes procura unir a diferente escala e a diferente idade das suas partes por meio de uma manipula\u00e7\u00e3o pict\u00f3rica da forma e da materialidade dos edif\u00edcios &#8211; o existente marcado pela alvenaria aparente de pedra vulc\u00e2nica e os novos edif\u00edcios marcados pela forma abstrata, sem refer\u00eancia ou alus\u00e3o a nenhuma linguagem, constru\u00eddos em bet\u00e3o aparente com inertes de basalto local com um trabalho altim\u00e9trico e textural das superf\u00edcies, complementando a rela\u00e7\u00e3o cheio\/vazio da massa do edif\u00edcio com os vazios dos p\u00e1tios.<\/p>\n<p>O Arquip\u00e9lago adquire a sua identidade pela varia\u00e7\u00e3o tranquila entre o edif\u00edcio existente \u2013 conten\u00e7\u00e3o e gesto m\u00ednimo na implanta\u00e7\u00e3o estrat\u00e9gica dos canais de infraestrutura\u00e7\u00e3o, m\u00e1xima efic\u00e1cia na hierarquiza\u00e7\u00e3o espacial e funcional dos diferentes espa\u00e7os do complexo fabril \u2013 e os dois edif\u00edcios novos que, por exigirem condi\u00e7\u00f5es especiais n\u00e3o compat\u00edveis com a preexist\u00eancia, resolvem as funcionalidades pedidas.<\/p>\n<p>O projeto compromete-se com a qualidade do existente, pondo em manifesto as varia\u00e7\u00f5es tipol\u00f3gicas \u2013 os novos edif\u00edcios s\u00e3o colocados ao lado dos existentes de forma \u201cserena\u201d clarificando o que \u00e9 existente num determinado per\u00edodo e o que se lhe acrescenta, sem ferir ou desvirtuar as estruturas espaciais e construtivas do conjunto. Contexto e contiguidade contribuem para a autonomia do objeto.<\/p>","protected":false},"excerpt":{"rendered":"<p>ARQUIP\u00c9LAGO \u2013 CENTRO DE ARTES CONTEMPOR\u00c2NEAS projeto em coautoria: Francisco Vieira de Campos, Cristina Guedes + Jo\u00e3o Mendes Ribeiro 2007-2014 O desenho do Arquip\u00e9lago \u2013 Centro de Artes Contempor\u00e2neas mant\u00e9m o car\u00e1cter industrial do conjunto e tematiza o di\u00e1logo entre uma constru\u00e7\u00e3o existente (antiga f\u00e1brica do \u00e1lcool | tabaco) e novas constru\u00e7\u00f5es (f\u00e1brica da cultura [&hellip;]<\/p>\n","protected":false},"author":14,"featured_media":0,"parent":538,"menu_order":0,"comment_status":"closed","ping_status":"closed","template":"","meta":{"_acf_changed":false,"_monsterinsights_skip_tracking":false,"_monsterinsights_sitenote_active":false,"_monsterinsights_sitenote_note":"","_monsterinsights_sitenote_category":0,"_uf_show_specific_survey":0,"_uf_disable_surveys":false,"footnotes":""},"class_list":["post-547","page","type-page","status-publish","hentry"],"acf":[],"_links":{"self":[{"href":"https:\/\/arquipelagocentrodeartes.azores.gov.pt\/pt\/wp-json\/wp\/v2\/pages\/547","targetHints":{"allow":["GET"]}}],"collection":[{"href":"https:\/\/arquipelagocentrodeartes.azores.gov.pt\/pt\/wp-json\/wp\/v2\/pages"}],"about":[{"href":"https:\/\/arquipelagocentrodeartes.azores.gov.pt\/pt\/wp-json\/wp\/v2\/types\/page"}],"author":[{"embeddable":true,"href":"https:\/\/arquipelagocentrodeartes.azores.gov.pt\/pt\/wp-json\/wp\/v2\/users\/14"}],"replies":[{"embeddable":true,"href":"https:\/\/arquipelagocentrodeartes.azores.gov.pt\/pt\/wp-json\/wp\/v2\/comments?post=547"}],"version-history":[{"count":4,"href":"https:\/\/arquipelagocentrodeartes.azores.gov.pt\/pt\/wp-json\/wp\/v2\/pages\/547\/revisions"}],"predecessor-version":[{"id":2067,"href":"https:\/\/arquipelagocentrodeartes.azores.gov.pt\/pt\/wp-json\/wp\/v2\/pages\/547\/revisions\/2067"}],"up":[{"embeddable":true,"href":"https:\/\/arquipelagocentrodeartes.azores.gov.pt\/pt\/wp-json\/wp\/v2\/pages\/538"}],"wp:attachment":[{"href":"https:\/\/arquipelagocentrodeartes.azores.gov.pt\/pt\/wp-json\/wp\/v2\/media?parent=547"}],"curies":[{"name":"wp","href":"https:\/\/api.w.org\/{rel}","templated":true}]}}