{"id":548,"date":"2015-10-15T09:56:13","date_gmt":"2015-10-15T09:56:13","guid":{"rendered":"https:\/\/arquipelagocentrodeartes.azores.gov.pt\/?page_id=548"},"modified":"2016-02-03T18:34:19","modified_gmt":"2016-02-03T18:34:19","slug":"espacos","status":"publish","type":"page","link":"https:\/\/arquipelagocentrodeartes.azores.gov.pt\/pt\/arquipelago-2\/centro-de-artes\/espacos\/","title":{"rendered":"Espa\u00e7os"},"content":{"rendered":"<p>Medidas\/\u00e1reas do Arquip\u00e9lago \u2013 Centro de Artes Contempor\u00e2neas<\/p>\n<p>&nbsp;<\/p>\n<ul>\n<li><strong>Edif\u00edcio A (loja)<\/strong> \u2013 428.00 m\u00b2 (constru\u00e7\u00e3o reabilitada)<\/li>\n<li><strong>Edif\u00edcio B (reservas)<\/strong> \u2013 844.96 m\u00b2 (constru\u00e7\u00e3o nova)<\/li>\n<li><strong>Edif\u00edcio C (resid\u00eancias art\u00edsticas)<\/strong> \u2013 1100.98 m\u00b2\n<ul>\n<li>48 m\u00b2 (constru\u00e7\u00e3o reabilitada)<\/li>\n<li>50 m\u00b2 (constru\u00e7\u00e3o nova)<\/li>\n<\/ul>\n<\/li>\n<li><strong>Edif\u00edcio D (\u00e1reas expositivas, servi\u00e7o educativo e biblioteca)<\/strong> \u2013 5300.91 m\u00b2 (constru\u00e7\u00e3o reabilitada)<\/li>\n<li><strong>Edif\u00edcio E (Black Box e Centro de Produ\u00e7\u00e3o de Audiovisual e Multim\u00e9dia)<\/strong> \u2013 3450,45 m\u00b2 (constru\u00e7\u00e3o nova)<\/li>\n<li><strong>Edif\u00edcio F (\u00e1rea de apoio t\u00e9cnico) <\/strong>\u2013 379.27 m\u00b2 (constru\u00e7\u00e3o nova)<\/li>\n<li><strong>Edif\u00edcio G (PT) <\/strong>\u2013 21.12 m\u00b2 (constru\u00e7\u00e3o nova)<\/li>\n<li><strong>Edif\u00edcio H (chamin\u00e9) <\/strong>\u2013 22.11 m\u00b2 (constru\u00e7\u00e3o reabilitada)<\/li>\n<li><strong>\u00c1rea total do estabelecimento <\/strong>\u2013 11547.80 m\u00b2 (constru\u00e7\u00e3o nova e reabilitada)<\/li>\n<\/ul>\n<p>&nbsp;<\/p>\n<p>&nbsp;<\/p>\n<p>Descri\u00e7\u00e3o de cada edif\u00edcio:<\/p>\n<p>&nbsp;<\/p>\n<p><strong>Edif\u00edcio A (loja) <\/strong><\/p>\n<p>Constitu\u00edda por dois pisos:<\/p>\n<ul>\n<li>Piso 0 \u2013 loja (73.85 m\u00b2 + 70.60 m\u00b2 = 144.45 m\u00b2 &#8211; \u00e1rea \u00fatil)<\/li>\n<li>Piso 1 \u2013 n\u00facleo museol\u00f3gico (152.40 m\u00b2 + 152.40 m\u00b2 = 304.80 m\u00b2 &#8211; \u00e1rea \u00fatil)<\/li>\n<li>Piso 2 (mezanino) \u2013 escrit\u00f3rio (9.60 m\u00b2 &#8211; \u00e1rea \u00fatil)<\/li>\n<\/ul>\n<p>&nbsp;<\/p>\n<p><strong>Edif\u00edcio B (reservas)<\/strong><\/p>\n<p>Constitu\u00eddo por dois pisos:<\/p>\n<ul>\n<li>Piso 0 \u2013 reservas (292.00 m\u00b2)<\/li>\n<li>Piso 1 \u2013 espa\u00e7o exterior em aberto (47.00 m\u00b2 &#8211; espa\u00e7o coberto + 41.00 m\u00b2 &#8211; espa\u00e7o descoberto = 88.00 m\u00b2 &#8211; \u00e1rea \u00fatil)<\/li>\n<\/ul>\n<p>&nbsp;<\/p>\n<p><strong>Edif\u00edcio C (resid\u00eancias art\u00edsticas)<\/strong><\/p>\n<p>Constitu\u00eddo por dois pisos:<\/p>\n<ul>\n<li>Piso -1 \u2013 espa\u00e7o t\u00e9cnico de liga\u00e7\u00e3o ao edif\u00edcio E (50.41 m\u00b2+ 18.00 m\u00b2+ 7.95 m\u00b2 = 76.36 m\u00b2 &#8211; \u00e1rea \u00fatil)<\/li>\n<li>Piso 0\n<ul>\n<li>resid\u00eancias art\u00edsticas (152.52 m\u00b2+178.46 m\u00b2 = 330.98 m\u00b2 &#8211; \u00e1rea \u00fatil)<\/li>\n<li>Cais de carga e descarga (74.07 m\u00b2 &#8211; \u00e1rea \u00fatil)<\/li>\n<li>Circula\u00e7\u00e3o (6.14 m\u00b2+15.50 m\u00b2= 21.64 m\u00b2 &#8211; \u00e1rea \u00fatil)<\/li>\n<\/ul>\n<\/li>\n<\/ul>\n<p>&nbsp;<\/p>\n<p><strong>Edif\u00edcio D (espa\u00e7o expositivo, servi\u00e7o educativo, biblioteca)<\/strong><\/p>\n<p>Constitu\u00eddo por 4 pisos (piso -1, 0, 1, 2) e terra\u00e7o\/esplanada:<\/p>\n<ul>\n<li>Piso -1 \u2013 cave ( 1062.97 m\u00b2 &#8211; \u00e1rea \u00fatil):\n<ul>\n<li>Ala nascente \u2013 442.60 m\u00b2<\/li>\n<li>Circula\u00e7\u00e3o \u2013 136.22 m\u00b2<\/li>\n<li>Ala poente \u2013 439.20 m\u00b2<\/li>\n<li>Ala sul \u2013 44.95 m\u00b2<\/li>\n<\/ul>\n<\/li>\n<li>Piso 0 &#8211; \u00e1rea expositiva (1284.52 m\u00b2 &#8211; \u00e1rea \u00fatil):\n<ul>\n<li>Oficina de montagem e desmontagem \/manuten\u00e7\u00e3o \u2013 145.65 m\u00b2<\/li>\n<li>Rece\u00e7\u00e3o \u2013 75.35 m\u00b2<\/li>\n<li>Sala expositiva 1 \u2013 245.35 m\u00b2<\/li>\n<li>Sala expositiva 2 \u2013 183.90 m\u00b2<\/li>\n<li>Sala expositiva 3 \u2013 121.81 m\u00b2<\/li>\n<li>Circula\u00e7\u00e3o &#8211; 252.56 m\u00b2 (33.64+105.38+113.54)<\/li>\n<li>C\u00e9lulas art\u00edstica \u2013 259.90 m\u00b2 (\u00e1rea \u00fatil):\n<ul>\n<li>C\u00e9lula art\u00edstica 1 \u2013 10.32 m\u00b2<\/li>\n<li>C\u00e9lula art\u00edstica 2 \u2013 13.12 m\u00b2<\/li>\n<li>C\u00e9lula art\u00edstica 3 \u2013 11.68 m\u00b2<\/li>\n<li>C\u00e9lula art\u00edstica 4 \u2013 11.68 m\u00b2<\/li>\n<li>C\u00e9lula art\u00edstica 5 \u2013 11.68 m\u00b2<\/li>\n<li>C\u00e9lula art\u00edstica 6 \u2013 9.35 m\u00b2<\/li>\n<li>C\u00e9lula art\u00edstica 7 \u2013 10.39 m\u00b2<\/li>\n<li>C\u00e9lula art\u00edstica 8 \u2013 13.25 m\u00b2<\/li>\n<li>C\u00e9lula art\u00edstica 9 \u2013 11.86 m\u00b2<\/li>\n<li>C\u00e9lula art\u00edstica 10 \u2013 11.85 m\u00b2<\/li>\n<li>C\u00e9lula art\u00edstica 11 \u2013 11.82 m\u00b2<\/li>\n<li>C\u00e9lula art\u00edstica 12 \u2013 9.46 m\u00b2<\/li>\n<li>C\u00e9lula art\u00edstica 13 \u2013 9.38 m\u00b2<\/li>\n<li>C\u00e9lula art\u00edstica 14 \u2013 11.71 m\u00b2<\/li>\n<li>C\u00e9lula art\u00edstica 15 \u2013 11.73 m\u00b2<\/li>\n<li>C\u00e9lula art\u00edstica 16 \u2013 11.79 m\u00b2<\/li>\n<li>C\u00e9lula art\u00edstica 17 \u2013 13.24 m\u00b2<\/li>\n<li>C\u00e9lula art\u00edstica 18 \u2013 10.45 m\u00b2<\/li>\n<li>C\u00e9lula art\u00edstica 19 \u2013 11.75 m\u00b2<\/li>\n<li>C\u00e9lula art\u00edstica 20 \u2013 11.62 m\u00b2<\/li>\n<li>C\u00e9lula art\u00edstica 21 \u2013 11.48 m\u00b2<\/li>\n<li>C\u00e9lula art\u00edstica 22 \u2013 11.38 m\u00b2<\/li>\n<li>C\u00e9lula art\u00edstica 23 \u2013 11.43 m\u00b2<\/li>\n<li>C\u00e9lula art\u00edstica 24 \u2013 9.16 m\u00b2<\/li>\n<\/ul>\n<\/li>\n<li>Piso 1 \u2013 Servi\u00e7o Educativo e Biblioteca ( 471.29 m\u00b2 &#8211; \u00e1rea \u00fatil):\n<ul>\n<li>Servi\u00e7o Educativo \u2013 239.24 m\u00b2<\/li>\n<li>Biblioteca \u2013 232.05 m\u00b2<\/li>\n<\/ul>\n<\/li>\n<li>Piso 2 \u2013 Servi\u00e7o Administrativo e Bar\/Cafetaria (422.25 m\u00b2 &#8211; \u00e1rea \u00fatil):\n<ul>\n<li>Servi\u00e7os Administrativos \u2013 210.09 m\u00b2<\/li>\n<li>Bar\/Cafetaria \u2013 98.20 m\u00b2 + esplanada no terra\u00e7o \u2013 117.00 m\u00b2<\/li>\n<li>Circula\u00e7\u00e3o \u2013 113.96 m\u00b2<\/li>\n<\/ul>\n<\/li>\n<\/ul>\n<\/li>\n<\/ul>\n<p>&nbsp;<\/p>\n<p><strong>Edif\u00edcio E<\/strong> (Black Box \u2013 sala multiusos + Centro de Audiovisual e multim\u00e9dia)<\/p>\n<p>Constitu\u00eddo por 4 pisos (piso -1, 0, 1, 2):<\/p>\n<ul>\n<li>Piso -1 &#8211; \u00c1rea t\u00e9cnica:\n<ul>\n<li>Oficina Art\u00edstica \u2013 161.50 m\u00b2<\/li>\n<li>Sub palco \u2013 256.00 m\u00b2<\/li>\n<\/ul>\n<\/li>\n<li>Piso 0 (sala multiusos e \u00e1rea t\u00e9cnica):\n<ul>\n<li>Foyer \u2013 42.00 m\u00b2<\/li>\n<li>Sala Multiusos (Black Box) \u2013 263.00 m\u00b2<\/li>\n<li>\u00c1rea T\u00e9cnica \u2013 85.90 m\u00b2<\/li>\n<\/ul>\n<\/li>\n<li>Piso 1 (Camarins e gabinetes do Centro de Audiovisual e Multim\u00e9dia)\n<ul>\n<li>Camarins \u2013 50.50 m\u00b2 + terra\u00e7o \u2013 23.30 m\u00b2<\/li>\n<li>Centro de Audiovisual e Multim\u00e9dia \u2013 182.90 m\u00b2<\/li>\n<\/ul>\n<\/li>\n<li>Piso 2 (Camarins e gabinetes do Centro de Audiovisual e Multim\u00e9dia):\n<ul>\n<li>Camarins \u2013 50.50 m\u00b2<\/li>\n<li>Centro de Audiovisual e Multim\u00e9dia \u2013 125.35 m\u00b2<\/li>\n<\/ul>\n<\/li>\n<\/ul>\n<p><\/p>","protected":false},"excerpt":{"rendered":"<p>Medidas\/\u00e1reas do Arquip\u00e9lago \u2013 Centro de Artes Contempor\u00e2neas &nbsp; Edif\u00edcio A (loja) \u2013 428.00 m\u00b2 (constru\u00e7\u00e3o reabilitada) Edif\u00edcio B (reservas) \u2013 844.96 m\u00b2 (constru\u00e7\u00e3o nova) Edif\u00edcio C (resid\u00eancias art\u00edsticas) \u2013 1100.98 m\u00b2 48 m\u00b2 (constru\u00e7\u00e3o reabilitada) 50 m\u00b2 (constru\u00e7\u00e3o nova) Edif\u00edcio D (\u00e1reas expositivas, servi\u00e7o educativo e biblioteca) \u2013 5300.91 m\u00b2 (constru\u00e7\u00e3o reabilitada) Edif\u00edcio E [&hellip;]<\/p>\n","protected":false},"author":14,"featured_media":0,"parent":538,"menu_order":0,"comment_status":"closed","ping_status":"closed","template":"","meta":{"_acf_changed":false,"_monsterinsights_skip_tracking":false,"_monsterinsights_sitenote_active":false,"_monsterinsights_sitenote_note":"","_monsterinsights_sitenote_category":0,"_uf_show_specific_survey":0,"_uf_disable_surveys":false,"footnotes":""},"class_list":["post-548","page","type-page","status-publish","hentry"],"acf":[],"_links":{"self":[{"href":"https:\/\/arquipelagocentrodeartes.azores.gov.pt\/pt\/wp-json\/wp\/v2\/pages\/548","targetHints":{"allow":["GET"]}}],"collection":[{"href":"https:\/\/arquipelagocentrodeartes.azores.gov.pt\/pt\/wp-json\/wp\/v2\/pages"}],"about":[{"href":"https:\/\/arquipelagocentrodeartes.azores.gov.pt\/pt\/wp-json\/wp\/v2\/types\/page"}],"author":[{"embeddable":true,"href":"https:\/\/arquipelagocentrodeartes.azores.gov.pt\/pt\/wp-json\/wp\/v2\/users\/14"}],"replies":[{"embeddable":true,"href":"https:\/\/arquipelagocentrodeartes.azores.gov.pt\/pt\/wp-json\/wp\/v2\/comments?post=548"}],"version-history":[{"count":6,"href":"https:\/\/arquipelagocentrodeartes.azores.gov.pt\/pt\/wp-json\/wp\/v2\/pages\/548\/revisions"}],"predecessor-version":[{"id":2068,"href":"https:\/\/arquipelagocentrodeartes.azores.gov.pt\/pt\/wp-json\/wp\/v2\/pages\/548\/revisions\/2068"}],"up":[{"embeddable":true,"href":"https:\/\/arquipelagocentrodeartes.azores.gov.pt\/pt\/wp-json\/wp\/v2\/pages\/538"}],"wp:attachment":[{"href":"https:\/\/arquipelagocentrodeartes.azores.gov.pt\/pt\/wp-json\/wp\/v2\/media?parent=548"}],"curies":[{"name":"wp","href":"https:\/\/api.w.org\/{rel}","templated":true}]}}